{"id":10,"date":"2025-06-13T15:02:06","date_gmt":"2025-06-13T13:02:06","guid":{"rendered":"https:\/\/fragrans.pl\/?page_id=10"},"modified":"2025-07-31T15:38:32","modified_gmt":"2025-07-31T13:38:32","slug":"realizacje","status":"publish","type":"page","link":"https:\/\/fragrans.pl\/cs\/realizacje\/","title":{"rendered":"Realizace"},"content":{"rendered":"<p>[et_pb_section fb_built=&#8221;1&#8243; admin_label=&#8221;Baner&#8221; module_class=&#8221;counters&#8221; _builder_version=&#8221;4.27.4&#8243; _module_preset=&#8221;default&#8221; background_enable_image=&#8221;off&#8221; min_height_last_edited=&#8221;off|desktop&#8221; custom_css_free_form=&#8221;selector {||display: flex;||flex-direction: column;||justify-content: center;||}&#8221; global_colors_info=&#8221;{}&#8221;][et_pb_row custom_padding_last_edited=&#8221;off|desktop&#8221; _builder_version=&#8221;4.27.4&#8243; _module_preset=&#8221;default&#8221; custom_margin=&#8221;||||false|false&#8221; custom_margin_tablet=&#8221;100px||100px||false|false&#8221; custom_margin_phone=&#8221;||||false|false&#8221; custom_margin_last_edited=&#8221;off|desktop&#8221; custom_padding=&#8221;||||false|false&#8221; custom_padding_tablet=&#8221;100px||100px||false|false&#8221; custom_padding_phone=&#8221;||||false|false&#8221; global_colors_info=&#8221;{}&#8221;][et_pb_column type=&#8221;4_4&#8243; _builder_version=&#8221;4.27.4&#8243; _module_preset=&#8221;default&#8221; global_colors_info=&#8221;{}&#8221;][et_pb_heading title=&#8221;Realizacje&#8221; module_class=&#8221;main-title&#8221; _builder_version=&#8221;4.27.4&#8243; _module_preset=&#8221;default&#8221; title_text_align=&#8221;left&#8221; global_colors_info=&#8221;{}&#8221;][\/et_pb_heading][et_pb_text _builder_version=&#8221;4.27.4&#8243; _module_preset=&#8221;default&#8221; animation_direction=&#8221;left&#8221; global_colors_info=&#8221;{}&#8221;]Przedstawiamy wybrane projekty, kt\u00f3re realizowali\u015bmy dla naszych Klient\u00f3w. Przez wiele lat podejmowali\u015bmy si\u0119 r\u00f3\u017cnorodnych projekt\u00f3w dla wielu bran\u017c. Wi\u0119kszo\u015b\u0107 realizacji zlecanych przez agencje reklamowe pozostaje tajemnic\u0105, dlatego ograniczyli\u015bmy prezentowane poni\u017cej prace.[\/et_pb_text][et_pb_multi_image_gallery gallery_images=&#8221;644,645,646,647,648,649,650,651,652,653,654,655,656,657,658,659,660,661,662,663,664,665,666,667,668,669,670,671,672,673,674,675&#8243; _builder_version=&#8221;4.27.4&#8243; _module_preset=&#8221;default&#8221; background_color=&#8221;#ffffff&#8221; global_colors_info=&#8221;{}&#8221;][\/et_pb_multi_image_gallery][\/et_pb_column][\/et_pb_row][\/et_pb_section]<\/p>\n","protected":false},"excerpt":{"rendered":"<p>P\u0159edstavujeme v\u00fdb\u011br projekt\u016f, kter\u00e9 jsme realizovali pro na\u0161e klienty. V pr\u016fb\u011bhu let jsme realizovali \u0161irokou \u0161k\u00e1lu projekt\u016f pro mnoho pr\u016fmyslov\u00fdch odv\u011btv\u00ed. V\u011bt\u0161ina projekt\u016f zadan\u00fdch reklamn\u00edmi agenturami z\u016fst\u00e1v\u00e1 utajena, proto jsme n\u00ed\u017ee prezentovan\u00e9 pr\u00e1ce omezili.<\/p>","protected":false},"author":1,"featured_media":0,"parent":0,"menu_order":0,"comment_status":"closed","ping_status":"closed","template":"","meta":{"_acf_changed":false,"_et_pb_use_builder":"on","_et_pb_old_content":"<!-- wp:divi\/placeholder \/-->","_et_gb_content_width":"","inline_featured_image":false,"footnotes":""},"class_list":["post-10","page","type-page","status-publish","hentry"],"acf":[],"yoast_head":"<!-- This site is optimized with the Yoast SEO plugin v27.4 - https:\/\/yoast.com\/product\/yoast-seo-wordpress\/ -->\n<title>Realizacje FRAGRANS - Sprawd\u017a Nasze Projekty Zawieszek Zapachowych<\/title>\n<meta name=\"description\" content=\"Zobacz nasze dotychczasowe realizacje personalizowanych zawieszek zapachowych. Wsp\u00f3\u0142pracujemy z najlepszymi markami, oferuj\u0105c unikalne projekty dopasowane do potrzeb klient\u00f3w.\" \/>\n<meta name=\"robots\" content=\"index, follow, max-snippet:-1, max-image-preview:large, max-video-preview:-1\" \/>\n<link rel=\"canonical\" href=\"https:\/\/fragrans.pl\/cs\/realizacje\/\" \/>\n<meta property=\"og:locale\" content=\"cs_CZ\" \/>\n<meta property=\"og:type\" content=\"article\" \/>\n<meta property=\"og:title\" content=\"Realizacje FRAGRANS - Sprawd\u017a Nasze Projekty Zawieszek Zapachowych\" \/>\n<meta property=\"og:description\" content=\"Zobacz nasze dotychczasowe realizacje personalizowanych zawieszek zapachowych. Wsp\u00f3\u0142pracujemy z najlepszymi markami, oferuj\u0105c unikalne projekty dopasowane do potrzeb klient\u00f3w.\" \/>\n<meta property=\"og:url\" content=\"https:\/\/fragrans.pl\/cs\/realizacje\/\" \/>\n<meta property=\"og:site_name\" content=\"Fragrans\" \/>\n<meta property=\"article:modified_time\" content=\"2025-07-31T13:38:32+00:00\" \/>\n<meta name=\"twitter:card\" content=\"summary_large_image\" \/>\n<meta name=\"twitter:label1\" content=\"Odhadovan\u00e1 doba \u010dten\u00ed\" \/>\n\t<meta name=\"twitter:data1\" content=\"1 minuta\" \/>\n<script type=\"application\/ld+json\" class=\"yoast-schema-graph\">{\"@context\":\"https:\\\/\\\/schema.org\",\"@graph\":[{\"@type\":\"WebPage\",\"@id\":\"https:\\\/\\\/fragrans.pl\\\/realizacje\\\/\",\"url\":\"https:\\\/\\\/fragrans.pl\\\/realizacje\\\/\",\"name\":\"Realizacje FRAGRANS - Sprawd\u017a Nasze Projekty Zawieszek Zapachowych\",\"isPartOf\":{\"@id\":\"https:\\\/\\\/fragrans.pl\\\/#website\"},\"datePublished\":\"2025-06-13T13:02:06+00:00\",\"dateModified\":\"2025-07-31T13:38:32+00:00\",\"description\":\"Zobacz nasze dotychczasowe realizacje personalizowanych zawieszek zapachowych. Wsp\u00f3\u0142pracujemy z najlepszymi markami, oferuj\u0105c unikalne projekty dopasowane do potrzeb klient\u00f3w.\",\"breadcrumb\":{\"@id\":\"https:\\\/\\\/fragrans.pl\\\/realizacje\\\/#breadcrumb\"},\"inLanguage\":\"cs\",\"potentialAction\":[{\"@type\":\"ReadAction\",\"target\":[\"https:\\\/\\\/fragrans.pl\\\/realizacje\\\/\"]}]},{\"@type\":\"BreadcrumbList\",\"@id\":\"https:\\\/\\\/fragrans.pl\\\/realizacje\\\/#breadcrumb\",\"itemListElement\":[{\"@type\":\"ListItem\",\"position\":1,\"name\":\"Strona g\u0142\u00f3wna\",\"item\":\"https:\\\/\\\/fragrans.pl\\\/\"},{\"@type\":\"ListItem\",\"position\":2,\"name\":\"Realizacje\"}]},{\"@type\":\"WebSite\",\"@id\":\"https:\\\/\\\/fragrans.pl\\\/#website\",\"url\":\"https:\\\/\\\/fragrans.pl\\\/\",\"name\":\"Fragrans\",\"description\":\"\",\"potentialAction\":[{\"@type\":\"SearchAction\",\"target\":{\"@type\":\"EntryPoint\",\"urlTemplate\":\"https:\\\/\\\/fragrans.pl\\\/?s={search_term_string}\"},\"query-input\":{\"@type\":\"PropertyValueSpecification\",\"valueRequired\":true,\"valueName\":\"search_term_string\"}}],\"inLanguage\":\"cs\"}]}<\/script>\n<!-- \/ Yoast SEO plugin. -->","yoast_head_json":{"title":"Realizacje FRAGRANS - Sprawd\u017a Nasze Projekty Zawieszek Zapachowych","description":"Zobacz nasze dotychczasowe realizacje personalizowanych zawieszek zapachowych. Wsp\u00f3\u0142pracujemy z najlepszymi markami, oferuj\u0105c unikalne projekty dopasowane do potrzeb klient\u00f3w.","robots":{"index":"index","follow":"follow","max-snippet":"max-snippet:-1","max-image-preview":"max-image-preview:large","max-video-preview":"max-video-preview:-1"},"canonical":"https:\/\/fragrans.pl\/cs\/realizacje\/","og_locale":"cs_CZ","og_type":"article","og_title":"Realizacje FRAGRANS - Sprawd\u017a Nasze Projekty Zawieszek Zapachowych","og_description":"Zobacz nasze dotychczasowe realizacje personalizowanych zawieszek zapachowych. Wsp\u00f3\u0142pracujemy z najlepszymi markami, oferuj\u0105c unikalne projekty dopasowane do potrzeb klient\u00f3w.","og_url":"https:\/\/fragrans.pl\/cs\/realizacje\/","og_site_name":"Fragrans","article_modified_time":"2025-07-31T13:38:32+00:00","twitter_card":"summary_large_image","twitter_misc":{"Odhadovan\u00e1 doba \u010dten\u00ed":"1 minuta"},"schema":{"@context":"https:\/\/schema.org","@graph":[{"@type":"WebPage","@id":"https:\/\/fragrans.pl\/realizacje\/","url":"https:\/\/fragrans.pl\/realizacje\/","name":"Realizacje FRAGRANS - Sprawd\u017a Nasze Projekty Zawieszek Zapachowych","isPartOf":{"@id":"https:\/\/fragrans.pl\/#website"},"datePublished":"2025-06-13T13:02:06+00:00","dateModified":"2025-07-31T13:38:32+00:00","description":"Zobacz nasze dotychczasowe realizacje personalizowanych zawieszek zapachowych. Wsp\u00f3\u0142pracujemy z najlepszymi markami, oferuj\u0105c unikalne projekty dopasowane do potrzeb klient\u00f3w.","breadcrumb":{"@id":"https:\/\/fragrans.pl\/realizacje\/#breadcrumb"},"inLanguage":"cs","potentialAction":[{"@type":"ReadAction","target":["https:\/\/fragrans.pl\/realizacje\/"]}]},{"@type":"BreadcrumbList","@id":"https:\/\/fragrans.pl\/realizacje\/#breadcrumb","itemListElement":[{"@type":"ListItem","position":1,"name":"Strona g\u0142\u00f3wna","item":"https:\/\/fragrans.pl\/"},{"@type":"ListItem","position":2,"name":"Realizacje"}]},{"@type":"WebSite","@id":"https:\/\/fragrans.pl\/#website","url":"https:\/\/fragrans.pl\/","name":"Fragrans","description":"","potentialAction":[{"@type":"SearchAction","target":{"@type":"EntryPoint","urlTemplate":"https:\/\/fragrans.pl\/?s={search_term_string}"},"query-input":{"@type":"PropertyValueSpecification","valueRequired":true,"valueName":"search_term_string"}}],"inLanguage":"cs"}]}},"_links":{"self":[{"href":"https:\/\/fragrans.pl\/cs\/wp-json\/wp\/v2\/pages\/10","targetHints":{"allow":["GET"]}}],"collection":[{"href":"https:\/\/fragrans.pl\/cs\/wp-json\/wp\/v2\/pages"}],"about":[{"href":"https:\/\/fragrans.pl\/cs\/wp-json\/wp\/v2\/types\/page"}],"author":[{"embeddable":true,"href":"https:\/\/fragrans.pl\/cs\/wp-json\/wp\/v2\/users\/1"}],"replies":[{"embeddable":true,"href":"https:\/\/fragrans.pl\/cs\/wp-json\/wp\/v2\/comments?post=10"}],"version-history":[{"count":105,"href":"https:\/\/fragrans.pl\/cs\/wp-json\/wp\/v2\/pages\/10\/revisions"}],"predecessor-version":[{"id":1969,"href":"https:\/\/fragrans.pl\/cs\/wp-json\/wp\/v2\/pages\/10\/revisions\/1969"}],"wp:attachment":[{"href":"https:\/\/fragrans.pl\/cs\/wp-json\/wp\/v2\/media?parent=10"}],"curies":[{"name":"wp","href":"https:\/\/api.w.org\/{rel}","templated":true}]}}