{"id":397,"date":"2025-06-14T14:58:24","date_gmt":"2025-06-14T12:58:24","guid":{"rendered":"https:\/\/fragrans.pl\/?page_id=397"},"modified":"2025-07-31T15:38:29","modified_gmt":"2025-07-31T13:38:29","slug":"uslugi","status":"publish","type":"page","link":"https:\/\/fragrans.pl\/cs\/uslugi\/","title":{"rendered":"Slu\u017eby"},"content":{"rendered":"<p>[et_pb_section fb_built=&#8221;1&#8243; admin_label=&#8221;Baner&#8221; module_class=&#8221;counters&#8221; _builder_version=&#8221;4.27.4&#8243; _module_preset=&#8221;default&#8221; background_enable_image=&#8221;off&#8221; min_height_last_edited=&#8221;off|desktop&#8221; custom_css_free_form=&#8221;selector {||display: flex;||flex-direction: column;||justify-content: center;||}&#8221; global_colors_info=&#8221;{}&#8221;][et_pb_row custom_padding_last_edited=&#8221;off|desktop&#8221; _builder_version=&#8221;4.27.4&#8243; _module_preset=&#8221;default&#8221; custom_margin=&#8221;||||false|false&#8221; custom_margin_tablet=&#8221;100px||100px||false|false&#8221; custom_margin_phone=&#8221;||||false|false&#8221; custom_margin_last_edited=&#8221;off|desktop&#8221; custom_padding=&#8221;||||false|false&#8221; custom_padding_tablet=&#8221;100px||100px||false|false&#8221; custom_padding_phone=&#8221;||||false|false&#8221; global_colors_info=&#8221;{}&#8221;][et_pb_column type=&#8221;4_4&#8243; _builder_version=&#8221;4.27.4&#8243; _module_preset=&#8221;default&#8221; global_colors_info=&#8221;{}&#8221;][et_pb_heading title=&#8221;Us\u0142ugi &#8211; pakowanie na flowpacku&#8221; module_class=&#8221;main-title&#8221; _builder_version=&#8221;4.27.4&#8243; _module_preset=&#8221;default&#8221; title_text_align=&#8221;left&#8221; global_colors_info=&#8221;{}&#8221;][\/et_pb_heading][et_pb_text _builder_version=&#8221;4.27.4&#8243; _module_preset=&#8221;default&#8221; animation_direction=&#8221;left&#8221; global_colors_info=&#8221;{}&#8221;]<\/p>\n<p><u><strong>Odwied\u017a nasz\u0105 stron\u0119 us\u0142ug dodatkowych:\u00a0<a href=\"https:\/\/flowpack.pl\/\">https:\/\/flowpack.pl\/\u00a0<\/a><\/strong><\/u><\/p>\n<p>Pakowanie us\u0142ugowe na flowpacku obejmuje metod\u0119 poziomego pakowania z\u00a03 zgrzewami. Posiadamy nowoczesny w\u00a0pe\u0142ni zautomatyzowany park maszynowy umo\u017cliwiaj\u0105cy nam spakowanie nawet do 2 mln sztuk na dob\u0119, obejmuj\u0105cy\u00a0<a href=\"https:\/\/flowpack.pl\/#przykladoweprodukty\">pakowanie<\/a>\u00a0jak i\u00a0<a href=\"https:\/\/flowpack.pl\/#uslugidodatkowe\">us\u0142ugi towarzysz\u0105ce<\/a>.<\/p>\n<p>Mamy mo\u017cliwo\u015b\u0107 wykonania r\u00f3\u017cnych rodzaj\u00f3w wyko\u0144czenia, zgrzewu. Pakujemy produkty niespo\u017cywcze. Dysponujemy zapasem folii i\u00a0laminat\u00f3w barierowych r\u00f3\u017cnego rodzaju, transparentnych lub drukowanych metod\u0105 flexograficzn\u0105. Istnieje mo\u017cliwo\u015b\u0107 pakowania w\u00a0powierzon\u0105 przez Klienta foli\u0119 czy papier (z rolki).<\/p>\n<h4><strong>Wykonujemy r\u00f3wnie\u017c\u00a0<\/strong><strong>nas\u0105czanie produkt\u00f3w substancjami p\u0142ynnymi z\u00a0precyzyjnym dozowaniem.<\/strong><\/h4>\n<p>Jako producent zawieszek zapachowych do samochodu z\u00a0w\u0142asnym logo i\u00a0indywiduanym nadrukiem posiadamy rozbudowany park maszynowy. Mo\u017cemy wykona\u0107 \u015bmieszne zawieszki zapachowe do auta z\u00a0nadrukiem, wk\u0142ady aromatyzuj\u0105ce, zrealizowa\u0107 us\u0142ugi sztancowania, konfekcjonowania, kaszerowanie do wymiaru A3+. Klienci zlecaj\u0105 nam m.in. pakowanie magnes\u00f3w, mini map, kart lojalno\u015bciowych oraz mo\u017cliwe jest precyzyjne nas\u0105czanie produkt\u00f3w zapachowych, kt\u00f3re od razu w\u00a0linii zapakujemy w\u00a0wysokiej jako\u015bci foli\u0119 barierow\u0105.<\/p>\n<p><strong>US\u0141UGI DODATKOWE &#8211; zobacz\u00a0<a href=\"http:\/\/flowpack.pl\/#uslugidodatkowe\">TUTAJ<\/a><\/strong><\/p>\n<p><strong>KONTAKT<\/strong>:\u00a0<a href=\"mailto:zawieszki@fragrans.pl?subject=Zapytanie%20o%20us%C5%82ugi%20dodatkowe\">zawieszki@fragrans.pl<\/a><\/p>\n<p>[\/et_pb_text][\/et_pb_column][\/et_pb_row][et_pb_row column_structure=&#8221;1_2,1_2&#8243; _builder_version=&#8221;4.27.4&#8243; _module_preset=&#8221;default&#8221; global_colors_info=&#8221;{}&#8221;][et_pb_column type=&#8221;1_2&#8243; _builder_version=&#8221;4.27.4&#8243; _module_preset=&#8221;default&#8221; global_colors_info=&#8221;{}&#8221;][et_pb_text _builder_version=&#8221;4.27.4&#8243; _module_preset=&#8221;default&#8221; global_colors_info=&#8221;{}&#8221;]<\/p>\n<h1>PRZYK\u0141ADOWE PRODUKTY MO\u017bLIWE DO SPAKOWANIA<\/h1>\n<ul>\n<li>Karty podarunkowe<\/li>\n<li>Wizyt\u00f3wki zapachowe<\/li>\n<li>Wk\u0142ady aromatyzuj\u0105ce<\/li>\n<li>Karty kolekcjonerskie<\/li>\n<li>Naklejki (kolekcjonerskie)<\/li>\n<li>Zawieszki zapachowe do samochodu<\/li>\n<li>P\u0142askie magnesy ozdobne<\/li>\n<li>Podstawki pod napoje<\/li>\n<li>Mini instrukcje obs\u0142ugi do sprz\u0119t\u00f3w<\/li>\n<li>Kalendarzyki<\/li>\n<li>Ma\u0142e broszury informacyjne<\/li>\n<li>Z-card<\/li>\n<li>Mapy<\/li>\n<li>P\u0142yty CD<\/li>\n<li>Produkty biurowe np. linijka, ta\u015bma klej\u0105ca, gumka do \u015bcierania, no\u017cyczki<\/li>\n<li>Produkty pasmanteryjne, chemiczne i\u00a0wiele innych.<\/li>\n<\/ul>\n<p>Pakujemy wy\u0142\u0105cznie produkty niespo\u017cywcze. Produkty mo\u017cemy wyeksponowa\u0107 w\u00a0przezroczystej folii lub przygotowa\u0107 wsp\u00f3lnie projekt, kt\u00f3ry uatrakcyjni pakowany przedmiot. Istnieje mo\u017cliwo\u015b\u0107 pakowania kilku produkt\u00f3w do 1 woreczka np. kilku kart czy naklejek kolekcjonerskich.<\/p>\n<p>W g\u00f3rnym zgrzewie folii mo\u017cemy wyci\u0105\u0107 eurodziurk\u0119 dla lepszej ekspozycji produktu na hakach czy ta\u015bmach sprzeda\u017cowych.<\/p>\n<h4><\/h4>\n<p>[\/et_pb_text][\/et_pb_column][et_pb_column type=&#8221;1_2&#8243; _builder_version=&#8221;4.27.4&#8243; _module_preset=&#8221;default&#8221; global_colors_info=&#8221;{}&#8221;][et_pb_image src=&#8221;https:\/\/fragrans.pl\/wp-content\/uploads\/2025\/07\/20210526_124132-scaled-1.jpg&#8221; title_text=&#8221;20210526_124132-scaled (1)&#8221; _builder_version=&#8221;4.27.4&#8243; _module_preset=&#8221;default&#8221; global_colors_info=&#8221;{}&#8221;][\/et_pb_image][et_pb_image src=&#8221;https:\/\/fragrans.pl\/wp-content\/uploads\/2025\/07\/20210526_124119-scaled-1.jpg&#8221; title_text=&#8221;20210526_124119-scaled (1)&#8221; _builder_version=&#8221;4.27.4&#8243; _module_preset=&#8221;default&#8221; global_colors_info=&#8221;{}&#8221;][\/et_pb_image][\/et_pb_column][\/et_pb_row][\/et_pb_section]<\/p>\n","protected":false},"excerpt":{"rendered":"<p>Odwied\u017a nasz\u0105 stron\u0119 us\u0142ug dodatkowych:\u00a0https:\/\/flowpack.pl\/\u00a0 Pakowanie us\u0142ugowe na flowpacku obejmuje metod\u0119 poziomego pakowania z\u00a03 zgrzewami. Posiadamy nowoczesny w\u00a0pe\u0142ni zautomatyzowany park maszynowy umo\u017cliwiaj\u0105cy nam spakowanie nawet do 2 mln sztuk na dob\u0119, obejmuj\u0105cy\u00a0pakowanie\u00a0jak i\u00a0us\u0142ugi towarzysz\u0105ce. Mamy mo\u017cliwo\u015b\u0107 wykonania r\u00f3\u017cnych rodzaj\u00f3w wyko\u0144czenia, zgrzewu. Pakujemy produkty niespo\u017cywcze. Dysponujemy zapasem folii i\u00a0laminat\u00f3w barierowych r\u00f3\u017cnego rodzaju, transparentnych lub drukowanych metod\u0105 [&hellip;]<\/p>\n","protected":false},"author":1,"featured_media":0,"parent":0,"menu_order":0,"comment_status":"closed","ping_status":"closed","template":"","meta":{"_acf_changed":false,"_et_pb_use_builder":"on","_et_pb_old_content":"<!-- wp:divi\/placeholder \/-->","_et_gb_content_width":"","inline_featured_image":false,"footnotes":""},"class_list":["post-397","page","type-page","status-publish","hentry"],"acf":[],"yoast_head":"<!-- This site is optimized with the Yoast SEO plugin v27.4 - https:\/\/yoast.com\/product\/yoast-seo-wordpress\/ -->\n<title>Us\u0142ugi FRAGRANS - Personalizacja Zawieszek Zapachowych i Branding<\/title>\n<meta name=\"description\" content=\"Oferujemy kompleksowe us\u0142ugi personalizacji zawieszek zapachowych: od wyboru zapachu po projektowanie kszta\u0142t\u00f3w i logo. Dowiedz si\u0119, jak FRAGRANS mo\u017ce wzmocni\u0107 Twoj\u0105 mark\u0119.\" \/>\n<meta name=\"robots\" content=\"index, follow, max-snippet:-1, max-image-preview:large, max-video-preview:-1\" \/>\n<link rel=\"canonical\" href=\"https:\/\/fragrans.pl\/cs\/uslugi\/\" \/>\n<meta property=\"og:locale\" content=\"cs_CZ\" \/>\n<meta property=\"og:type\" content=\"article\" \/>\n<meta property=\"og:title\" content=\"Us\u0142ugi FRAGRANS - Personalizacja Zawieszek Zapachowych i Branding\" \/>\n<meta property=\"og:description\" content=\"Oferujemy kompleksowe us\u0142ugi personalizacji zawieszek zapachowych: od wyboru zapachu po projektowanie kszta\u0142t\u00f3w i logo. Dowiedz si\u0119, jak FRAGRANS mo\u017ce wzmocni\u0107 Twoj\u0105 mark\u0119.\" \/>\n<meta property=\"og:url\" content=\"https:\/\/fragrans.pl\/cs\/uslugi\/\" \/>\n<meta property=\"og:site_name\" content=\"Fragrans\" \/>\n<meta property=\"article:modified_time\" content=\"2025-07-31T13:38:29+00:00\" \/>\n<meta name=\"twitter:card\" content=\"summary_large_image\" \/>\n<meta name=\"twitter:label1\" content=\"Odhadovan\u00e1 doba \u010dten\u00ed\" \/>\n\t<meta name=\"twitter:data1\" content=\"3 minuty\" \/>\n<script type=\"application\/ld+json\" class=\"yoast-schema-graph\">{\"@context\":\"https:\\\/\\\/schema.org\",\"@graph\":[{\"@type\":\"WebPage\",\"@id\":\"https:\\\/\\\/fragrans.pl\\\/uslugi\\\/\",\"url\":\"https:\\\/\\\/fragrans.pl\\\/uslugi\\\/\",\"name\":\"Us\u0142ugi FRAGRANS - Personalizacja Zawieszek Zapachowych i Branding\",\"isPartOf\":{\"@id\":\"https:\\\/\\\/fragrans.pl\\\/#website\"},\"datePublished\":\"2025-06-14T12:58:24+00:00\",\"dateModified\":\"2025-07-31T13:38:29+00:00\",\"description\":\"Oferujemy kompleksowe us\u0142ugi personalizacji zawieszek zapachowych: od wyboru zapachu po projektowanie kszta\u0142t\u00f3w i logo. Dowiedz si\u0119, jak FRAGRANS mo\u017ce wzmocni\u0107 Twoj\u0105 mark\u0119.\",\"breadcrumb\":{\"@id\":\"https:\\\/\\\/fragrans.pl\\\/uslugi\\\/#breadcrumb\"},\"inLanguage\":\"cs\",\"potentialAction\":[{\"@type\":\"ReadAction\",\"target\":[\"https:\\\/\\\/fragrans.pl\\\/uslugi\\\/\"]}]},{\"@type\":\"BreadcrumbList\",\"@id\":\"https:\\\/\\\/fragrans.pl\\\/uslugi\\\/#breadcrumb\",\"itemListElement\":[{\"@type\":\"ListItem\",\"position\":1,\"name\":\"Strona g\u0142\u00f3wna\",\"item\":\"https:\\\/\\\/fragrans.pl\\\/\"},{\"@type\":\"ListItem\",\"position\":2,\"name\":\"Us\u0142ugi\"}]},{\"@type\":\"WebSite\",\"@id\":\"https:\\\/\\\/fragrans.pl\\\/#website\",\"url\":\"https:\\\/\\\/fragrans.pl\\\/\",\"name\":\"Fragrans\",\"description\":\"\",\"potentialAction\":[{\"@type\":\"SearchAction\",\"target\":{\"@type\":\"EntryPoint\",\"urlTemplate\":\"https:\\\/\\\/fragrans.pl\\\/?s={search_term_string}\"},\"query-input\":{\"@type\":\"PropertyValueSpecification\",\"valueRequired\":true,\"valueName\":\"search_term_string\"}}],\"inLanguage\":\"cs\"}]}<\/script>\n<!-- \/ Yoast SEO plugin. -->","yoast_head_json":{"title":"Us\u0142ugi FRAGRANS - Personalizacja Zawieszek Zapachowych i Branding","description":"Oferujemy kompleksowe us\u0142ugi personalizacji zawieszek zapachowych: od wyboru zapachu po projektowanie kszta\u0142t\u00f3w i logo. Dowiedz si\u0119, jak FRAGRANS mo\u017ce wzmocni\u0107 Twoj\u0105 mark\u0119.","robots":{"index":"index","follow":"follow","max-snippet":"max-snippet:-1","max-image-preview":"max-image-preview:large","max-video-preview":"max-video-preview:-1"},"canonical":"https:\/\/fragrans.pl\/cs\/uslugi\/","og_locale":"cs_CZ","og_type":"article","og_title":"Us\u0142ugi FRAGRANS - Personalizacja Zawieszek Zapachowych i Branding","og_description":"Oferujemy kompleksowe us\u0142ugi personalizacji zawieszek zapachowych: od wyboru zapachu po projektowanie kszta\u0142t\u00f3w i logo. Dowiedz si\u0119, jak FRAGRANS mo\u017ce wzmocni\u0107 Twoj\u0105 mark\u0119.","og_url":"https:\/\/fragrans.pl\/cs\/uslugi\/","og_site_name":"Fragrans","article_modified_time":"2025-07-31T13:38:29+00:00","twitter_card":"summary_large_image","twitter_misc":{"Odhadovan\u00e1 doba \u010dten\u00ed":"3 minuty"},"schema":{"@context":"https:\/\/schema.org","@graph":[{"@type":"WebPage","@id":"https:\/\/fragrans.pl\/uslugi\/","url":"https:\/\/fragrans.pl\/uslugi\/","name":"Us\u0142ugi FRAGRANS - Personalizacja Zawieszek Zapachowych i Branding","isPartOf":{"@id":"https:\/\/fragrans.pl\/#website"},"datePublished":"2025-06-14T12:58:24+00:00","dateModified":"2025-07-31T13:38:29+00:00","description":"Oferujemy kompleksowe us\u0142ugi personalizacji zawieszek zapachowych: od wyboru zapachu po projektowanie kszta\u0142t\u00f3w i logo. Dowiedz si\u0119, jak FRAGRANS mo\u017ce wzmocni\u0107 Twoj\u0105 mark\u0119.","breadcrumb":{"@id":"https:\/\/fragrans.pl\/uslugi\/#breadcrumb"},"inLanguage":"cs","potentialAction":[{"@type":"ReadAction","target":["https:\/\/fragrans.pl\/uslugi\/"]}]},{"@type":"BreadcrumbList","@id":"https:\/\/fragrans.pl\/uslugi\/#breadcrumb","itemListElement":[{"@type":"ListItem","position":1,"name":"Strona g\u0142\u00f3wna","item":"https:\/\/fragrans.pl\/"},{"@type":"ListItem","position":2,"name":"Us\u0142ugi"}]},{"@type":"WebSite","@id":"https:\/\/fragrans.pl\/#website","url":"https:\/\/fragrans.pl\/","name":"Fragrans","description":"","potentialAction":[{"@type":"SearchAction","target":{"@type":"EntryPoint","urlTemplate":"https:\/\/fragrans.pl\/?s={search_term_string}"},"query-input":{"@type":"PropertyValueSpecification","valueRequired":true,"valueName":"search_term_string"}}],"inLanguage":"cs"}]}},"_links":{"self":[{"href":"https:\/\/fragrans.pl\/cs\/wp-json\/wp\/v2\/pages\/397","targetHints":{"allow":["GET"]}}],"collection":[{"href":"https:\/\/fragrans.pl\/cs\/wp-json\/wp\/v2\/pages"}],"about":[{"href":"https:\/\/fragrans.pl\/cs\/wp-json\/wp\/v2\/types\/page"}],"author":[{"embeddable":true,"href":"https:\/\/fragrans.pl\/cs\/wp-json\/wp\/v2\/users\/1"}],"replies":[{"embeddable":true,"href":"https:\/\/fragrans.pl\/cs\/wp-json\/wp\/v2\/comments?post=397"}],"version-history":[{"count":8,"href":"https:\/\/fragrans.pl\/cs\/wp-json\/wp\/v2\/pages\/397\/revisions"}],"predecessor-version":[{"id":1964,"href":"https:\/\/fragrans.pl\/cs\/wp-json\/wp\/v2\/pages\/397\/revisions\/1964"}],"wp:attachment":[{"href":"https:\/\/fragrans.pl\/cs\/wp-json\/wp\/v2\/media?parent=397"}],"curies":[{"name":"wp","href":"https:\/\/api.w.org\/{rel}","templated":true}]}}