{"id":490,"date":"2025-06-21T17:00:52","date_gmt":"2025-06-21T15:00:52","guid":{"rendered":"https:\/\/fragrans.pl\/?page_id=490"},"modified":"2025-08-12T16:14:49","modified_gmt":"2025-08-12T14:14:49","slug":"twoja-marka-wlasna","status":"publish","type":"page","link":"https:\/\/fragrans.pl\/cs\/twoja-marka-wlasna\/","title":{"rendered":"Va\u0161e vlastn\u00ed zna\u010dka"},"content":{"rendered":"<p>[et_pb_section fb_built=&#8221;1&#8243; admin_label=&#8221;Baner &#8211; Zawieszka&#8221; module_class=&#8221;counters&#8221; _builder_version=&#8221;4.27.4&#8243; _module_preset=&#8221;default&#8221; background_enable_image=&#8221;off&#8221; width=&#8221;100%&#8221; max_width=&#8221;100%&#8221; module_alignment=&#8221;center&#8221; min_height_last_edited=&#8221;off|desktop&#8221; custom_css_free_form=&#8221;selector {||display: flex;||flex-direction: column;||justify-content: center;||}&#8221; global_colors_info=&#8221;{}&#8221;][et_pb_row custom_padding_last_edited=&#8221;off|desktop&#8221; _builder_version=&#8221;4.27.4&#8243; _module_preset=&#8221;default&#8221; width=&#8221;90%&#8221; max_width=&#8221;1220px&#8221; custom_margin=&#8221;||||false|false&#8221; custom_margin_tablet=&#8221;100px||100px||false|false&#8221; custom_margin_phone=&#8221;||||false|false&#8221; custom_margin_last_edited=&#8221;off|desktop&#8221; custom_padding=&#8221;||||false|false&#8221; custom_padding_tablet=&#8221;100px||100px||false|false&#8221; custom_padding_phone=&#8221;||||false|false&#8221; global_colors_info=&#8221;{}&#8221;][et_pb_column type=&#8221;4_4&#8243; _builder_version=&#8221;4.27.4&#8243; _module_preset=&#8221;default&#8221; global_colors_info=&#8221;{}&#8221;][et_pb_heading title=&#8221;Twoja marka w\u0142asna&#8221; module_class=&#8221;main-title&#8221; _builder_version=&#8221;4.27.4&#8243; _module_preset=&#8221;default&#8221; title_text_align=&#8221;left&#8221; global_colors_info=&#8221;{}&#8221;][\/et_pb_heading][et_pb_text _builder_version=&#8221;4.27.4&#8243; _module_preset=&#8221;default&#8221; animation_direction=&#8221;left&#8221; global_colors_info=&#8221;{}&#8221;]Stw\u00f3rz z nami sw\u00f3j od\u015bwie\u017cacz samochodowy[\/et_pb_text][\/et_pb_column][\/et_pb_row][et_pb_row column_structure=&#8221;1_4,1_2,1_4&#8243; _builder_version=&#8221;4.27.4&#8243; _module_preset=&#8221;default&#8221; width=&#8221;100%&#8221; max_width=&#8221;100%&#8221; module_alignment=&#8221;center&#8221; global_colors_info=&#8221;{}&#8221;][et_pb_column type=&#8221;1_4&#8243; _builder_version=&#8221;4.27.4&#8243; _module_preset=&#8221;default&#8221; global_colors_info=&#8221;{}&#8221;][et_pb_image_popup image=&#8221;https:\/\/fragrans.pl\/wp-content\/uploads\/2025\/06\/BOTTON.png&#8221; image_width_desktop=&#8221;40%&#8221; image_width_tablet=&#8221;50%&#8221; image_width_mobile=&#8221;30%&#8221; image_alignment_desktop=&#8221;right&#8221; popup_title=&#8221;Zam\u00f3wienie KROK po KROKU&#8221; popup_content=&#8221;<\/p>\n<ol>\n<li style=%22list-style-type: none;%22>\n<ol>\n<li><strong>Przygotuj projekt<\/strong> \u2013 nale\u017cy przygotowa\u0107 projekt zgodnie z naszymi wytycznymi naniesiony na szablon wykrojnika, projekty s\u0105 sprawdzane automatycznie przez system i dowolna r\u00f3\u017cnica skutkuje odrzuceniem pliku i wymaga ingerencji grafika, co wi\u0105\u017ce si\u0119 z dodatkowym czasem oczekiwania oraz dodatkowym kosztem. Pomagamy w przygotowaniu prostych projekt\u00f3w, ale nie posiadamy biura projektowego, produkujemy g\u0142\u00f3wnie wg przes\u0142anych gotowych projekt\u00f3w klienta.<\/li>\n<li><strong>Wybierz dowolny kszta\u0142t z naszej bazy ponad 2500 wykrojnik\u00f3w<\/strong> \u2013 skontaktuj si\u0119 z nami w celu otrzymania pe\u0142nej bazy kszta\u0142t\u00f3w. Mo\u017cliwe jest tak\u017ce przygotowanie indywidualnego kszta\u0142tu. Przygotowanie nowego kszta\u0142tu wyd\u0142u\u017ca czas realizacji o oko\u0142o 3 dni.<\/li>\n<li><strong>Wybierz rodzaj zawieszki<\/strong> \u2013 Premium czy Exclusive. Klienci na mark\u0119 w\u0142asn\u0105 do sprzeda\u017cy najcz\u0119\u015bciej wybieraj\u0105 zawieszki Exclusive z nas\u0105czeniem przynajmniej 3 ml. Zawieszki r\u00f3\u017cni\u0105 si\u0119 materia\u0142em, z kt\u00f3rego s\u0105 wykonane oraz grubo\u015bci\u0105 zawieszki, co wp\u0142ywa na ilo\u015b\u0107 mo\u017cliwego nas\u0105czenia i czasu uwalniania si\u0119 zapachu.<\/li>\n<li><strong>Wybierz zapach i nas\u0105czenie<\/strong> \u2013 do wyboru spo\u015br\u00f3d 35 zapach\u00f3w mo\u017cliwych do nas\u0105czenia od 1 do 5 ml w zale\u017cno\u015bci od rodzaju i wielko\u015bci zawieszki (dla zawieszek Premium od 2 do 4 ml, dla zawieszek Exclusive od 2 do 5 ml). Dla produkt\u00f3w sprzeda\u017cowych rekomendujemy wyb\u00f3r minimum 3 ml nas\u0105czenia. Czas uwalniania si\u0119 zapachu wynosi od 3 do 30 dni w zale\u017cno\u015bci od wybranej kompozycji, rodzaju zawieszki, ilo\u015bci nas\u0105czenia i sposobu u\u017cytkowania produktu.<\/li>\n<li><strong>Wybierz kolor gumki<\/strong> \u2013 do wyboru z 16 dost\u0119pnych kolor\u00f3w. Mo\u017cna podzieli\u0107 kolor gumki wg zapach\u00f3w w zam\u00f3wieniu dla szybkiej identyfikacji wr\u0119czanej zawieszki.<\/li>\n<li><strong>Wybierz rodzaj folii<\/strong> \u2013 folia z ostrze\u017ceniem lub bez. Foli\u0119 bez ostrze\u017cenia wybieramy gdy tre\u015bci w nim zawarte znajduj\u0105 si\u0119 na blistrze, dodatkowej etykiecie lub zamawiaj\u0105cy podpisze o\u015bwiadczenie o innej formie, w kt\u00f3rej przeka\u017ce u\u017cytkownikowi niezb\u0119dne informacje dotycz\u0105ce u\u017cytkowania zawieszki.<\/li>\n<li><strong>Opcjonalnie dobierz blister<\/strong> \u2013 to idealne wyko\u0144czenie produktu marki w\u0142asnej umo\u017cliwiaj\u0105ce ekspozycj\u0119 na haku w punkcie sprzeda\u017cy. Zamawiaj\u0105c zawieszk\u0119 na blister nale\u017cy wybra\u0107 kszta\u0142t w uk\u0142adzie pionowym w szeroko\u015bci mniejszej od szeroko\u015bci blistra przynajmniej o 3-5 mm i maksymalnej wysoko\u015bci dopasowanej do wybranego kszta\u0142tu kartonika. Odpowiedni blister nale\u017cy skonsultowa\u0107 z dzia\u0142em handlowym przed przygotowaniem finalnego produktu.<\/li>\n<\/ol>\n<p><strong>Przyk\u0142adowe zapytanie dla polskich klient\u00f3w mo\u017cna skonfigurowa\u0107 w naszym kalkulatorze: <a href=%22https:\/\/fragrans.pl\/kalkulator\/%22>TUTAJ<\/a>. Zapytania z innych kraj\u00f3w prosimy o wys\u0142anie na adres mailowy <a href=%22mailto:export@fragrans.pl%22>export@fragrans.pl<\/a>. <br \/>Zapoznaj si\u0119 z instrukcj\u0105 dzia\u0142ania Kalkulatora wyceny: <a href=%22https:\/\/fragrans.pl\/wp-content\/uploads\/2025\/08\/Instrukcja-kalkulatora.pdf%22>TUTAJ<\/a>.<\/strong><\/p>\n<\/li>\n<\/ol>\n<p>&#8221; _builder_version=&#8221;4.27.4&#8243; _module_preset=&#8221;default&#8221; global_colors_info=&#8221;{}&#8221;][\/et_pb_image_popup][\/et_pb_column][et_pb_column type=&#8221;1_2&#8243; _builder_version=&#8221;4.27.4&#8243; _module_preset=&#8221;default&#8221; global_colors_info=&#8221;{}&#8221;][et_pb_image_hotspot image=&#8221;https:\/\/fragrans.pl\/wp-content\/uploads\/2025\/06\/truskawka2.png&#8221; _builder_version=&#8221;4.27.4&#8243; _module_preset=&#8221;default&#8221; hover_enabled=&#8221;0&#8243; global_colors_info=&#8221;{}&#8221; sticky_enabled=&#8221;0&#8243;][et_pb_hotspot_item title=&#8221;Dwustronny wydruk wysokiej jako\u015bci full kolor (CMYK)&#8221; tooltip_text=&#8221;Dwustronny wydruk wysokiej jako\u015bci full kolor (CMYK)&#8221; popup_content=&#8221;<\/p>\n<p><img class=%22img-responsive aligncenter%22 src=%22\/wp-content\/uploads\/2025\/07\/papier.jpg%22 \/><\/p>\n<p class=%22text-center%22 style=%22text-align: center;%22>Pliki do druku musz\u0105 by\u0107 przygotowane zgodnie z poni\u017cszymi wytycznymi.<br \/>Nie odpowiadamy za zmiany wynikaj\u0105ce z nieprawid\u0142owego przygotowania plik\u00f3w<\/p>\n<p class=%22text-center%22 style=%22text-align: center;%22><a title=%22%22 href=%22https:\/\/fragrans.pl\/wp-content\/uploads\/2025\/08\/SPECYFIKACJA-Przygotowania-do-druku.pdf%22 data-et-target-link=%22_blank%22 rel=%22noopener%22>SPECYFIKACJA Przygotowania do druku<\/a><\/p>\n<p>&#8221; position_x=&#8221;45&#8243; position_y=&#8221;68&#8243; _builder_version=&#8221;4.27.4&#8243; _module_preset=&#8221;default&#8221; hover_enabled=&#8221;0&#8243; global_colors_info=&#8221;{}&#8221; sticky_enabled=&#8221;0&#8243;][\/et_pb_hotspot_item][et_pb_hotspot_item title=&#8221;Ponad 2500 kszta\u0142t\u00f3w do wyboru mo\u017cliwo\u015b\u0107 zrobienia w\u0142asnego kszta\u0142tu&#8221; tooltip_text=&#8221;Ponad 2500 kszta\u0142t\u00f3w do wyboru mo\u017cliwo\u015b\u0107 zrobienia w\u0142asnego kszta\u0142tu&#8221; popup_content=&#8221;<\/p>\n<p><img class=%22wp-image-444 size-medium aligncenter%22 src=%22https:\/\/fragrans.pl\/wp-content\/uploads\/2025\/06\/modal-ksztalty-274x300.jpg%22 alt=%22%22 width=%22274%22 height=%22300%22 \/><\/p>\n<p style=%22text-align: center;%22><a href=%22\/wykrojniki%22>Poznaj wi\u0119cej kszta\u0142t\u00f3w<\/a><\/p>\n<p>&#8221; position_x=&#8221;30&#8243; position_y=&#8221;20&#8243; _builder_version=&#8221;4.27.4&#8243; _module_preset=&#8221;default&#8221; global_colors_info=&#8221;{}&#8221;][\/et_pb_hotspot_item][et_pb_hotspot_item title=&#8221;3 rodzaje \u015bwietnie oddaj\u0105cych zapach wk\u0142ad\u00f3w: STANDARD, PREMIUM, EXCLUSIVE (grubo\u015b\u0107 od 1.8mm do 4mm)&#8221; tooltip_text=&#8221;3 rodzaje \u015bwietnie oddaj\u0105cych zapach wk\u0142ad\u00f3w: STANDARD, PREMIUM, EXCLUSIVE (grubo\u015b\u0107 od 1.8mm do 4mm)&#8221; popup_content=&#8221;<\/p>\n<div class=%22row%22>\n<div class=%22col-lg-4%22>\n<p><img class=%22img-responsive%22 style=%22margin: 0 auto; max-height: 200px;%22 src=%22\/wp-content\/uploads\/2025\/07\/standard.png%22 alt=%22%22 \/><\/p>\n<h4>Zawieszka Zapachowa Standard<\/h4>\n<p style=%22font-size: 9pt; text-align: justify;%22>Zawieszka wykonana z materia\u0142u, kt\u00f3ry powszechnie jest stosowany przez producent\u00f3w zawieszek czy podk\u0142adek pod piwo, tzw. Beermat. Grubo\u015b\u0107 zawieszki ok. 1,5-1,7 mm. Mo\u017cliwe nas\u0105czenie 1, 2 lub 3 ml<\/p>\n<\/div>\n<div class=%22col-lg-4%22>\n<p><img class=%22img-responsive%22 style=%22margin: 0 auto; max-height: 200px;%22 src=%22\/wp-content\/uploads\/2025\/07\/premium.png%22 alt=%22%22 \/><\/p>\n<h4>Zawieszka Zapachowa Premium<\/h4>\n<p style=%22font-size: 9pt; text-align: justify;%22>Zawieszka wykonana z materia\u0142u doskona\u0142ej jako\u015bci. Jest to bielona celuloza z dodatkiem bawe\u0142ny \u2013 \u015bwietnie przyjmuje kompozycj\u0119 zapachow\u0105, co powoduje, \u017ce w 100 % oddaje oryginalny zapach. Grubo\u015b\u0107 zawieszki ok. 1,8-2,0 mm. Mo\u017cliwe nas\u0105czenie 2, 3 lub 4 ml<\/p>\n<\/div>\n<div class=%22col-lg-4%22>\n<p><img class=%22img-responsive%22 style=%22margin: 0 auto; max-height: 200px;%22 src=%22\/wp-content\/uploads\/2025\/07\/exclusive.png%22 alt=%22%22 \/><\/p>\n<h4>Zawieszka Zapachowa Exclusive<\/h4>\n<p style=%22font-size: 9pt; text-align: justify;%22>Zawieszka wykonana z wysokoch\u0142onnej geow\u0142\u00f3kniny i celulozy. \u015awietnie oddaje zapach i umo\u017cliwia wi\u0119ksze nas\u0105czenie produktu. Grubo\u015b\u0107 zawieszki ok 4 mm. Mo\u017cliwe nas\u0105czenie miedzy 2 a 5 ml. Nasza marka w\u0142asna FreshCar to zawieszka Exclusive z nas\u0105czeniem 5 ml i blistrem.<\/p>\n<\/div>\n<\/div>\n<p>&#8221; position_x=&#8221;60&#8243; position_y=&#8221;70&#8243; _builder_version=&#8221;4.27.4&#8243; _module_preset=&#8221;default&#8221; global_colors_info=&#8221;{}&#8221;][\/et_pb_hotspot_item][et_pb_hotspot_item title=&#8221;35 zapach\u00f3w. Nas\u0105czenie zawieszki od 1 do 5 ml&#8221; tooltip_text=&#8221;35 zapach\u00f3w. Nas\u0105czenie zawieszki od 1 do 5 ml&#8221; popup_content=&#8221;<\/p>\n<p><img class=%22aligncenter wp-image-1743 %22 src=%22https:\/\/fragrans.pl\/wp-content\/uploads\/2025\/07\/Zrzut-ekranu-2025-07-28-o-14.01.08.jpg%22 alt=%22%22 width=%22351%22 height=%22499%22 \/><\/p>\n<p>&#8221; position_x=&#8221;54&#8243; _builder_version=&#8221;4.27.4&#8243; _module_preset=&#8221;default&#8221; global_colors_info=&#8221;{}&#8221;][\/et_pb_hotspot_item][et_pb_hotspot_item title=&#8221;16 kolor\u00f3w gumek&#8221; tooltip_text=&#8221;16 kolor\u00f3w gumek&#8221; popup_content=&#8221;<\/p>\n<p><img class=%22wp-image-441 size-medium aligncenter%22 src=%22https:\/\/fragrans.pl\/wp-content\/uploads\/2025\/06\/modal-gumki-260x300.jpg%22 alt=%22%22 width=%22260%22 height=%22300%22 \/><\/p>\n<p>&#8221; position_y=&#8221;15&#8243; _builder_version=&#8221;4.27.4&#8243; _module_preset=&#8221;default&#8221; global_colors_info=&#8221;{}&#8221;][\/et_pb_hotspot_item][et_pb_hotspot_item title=&#8221;Wysoceprzezroczysta folia barierowa zabezpieczaj\u0105ca zawieszk\u0119 przed utrat\u0105 zapachu&#8221; tooltip_text=&#8221;Wysoceprzezroczysta folia barierowa zabezpieczaj\u0105ca zawieszk\u0119 przed utrat\u0105 zapachu&#8221; popup_content=&#8221;<\/p>\n<p><img class=%22img-responsive aligncenter%22 src=%22\/wp-content\/uploads\/2025\/07\/folia.jpg%22 \/><\/p>\n<p>&#8221; position_x=&#8221;30&#8243; _builder_version=&#8221;4.27.4&#8243; _module_preset=&#8221;default&#8221; global_colors_info=&#8221;{}&#8221;][\/et_pb_hotspot_item][\/et_pb_image_hotspot][\/et_pb_column][et_pb_column type=&#8221;1_4&#8243; _builder_version=&#8221;4.27.4&#8243; _module_preset=&#8221;default&#8221; global_colors_info=&#8221;{}&#8221;][\/et_pb_column][\/et_pb_row][\/et_pb_section][et_pb_section fb_built=&#8221;1&#8243; _builder_version=&#8221;4.27.4&#8243; _module_preset=&#8221;default&#8221; background_color=&#8221;#fffcfb&#8221; custom_margin=&#8221;0px||||false|false&#8221; custom_padding=&#8221;0px||2px||false|false&#8221; global_colors_info=&#8221;{}&#8221;][et_pb_row column_structure=&#8221;1_2,1_2&#8243; _builder_version=&#8221;4.27.4&#8243; _module_preset=&#8221;default&#8221; width=&#8221;90%&#8221; max_width=&#8221;1220px&#8221; custom_padding=&#8221;60px||||false|false&#8221; global_colors_info=&#8221;{}&#8221;][et_pb_column type=&#8221;1_2&#8243; _builder_version=&#8221;4.27.4&#8243; _module_preset=&#8221;default&#8221; global_colors_info=&#8221;{}&#8221;][et_pb_image src=&#8221;https:\/\/fragrans.pl\/wp-content\/uploads\/2025\/06\/BLISTR-DWUSTRONNY-FULL-KOLOR.png&#8221; title_text=&#8221;BLISTR-DWUSTRONNY-FULL-KOLOR&#8221; _builder_version=&#8221;4.27.4&#8243; _module_preset=&#8221;default&#8221; global_colors_info=&#8221;{}&#8221;][\/et_pb_image][\/et_pb_column][et_pb_column type=&#8221;1_2&#8243; _builder_version=&#8221;4.27.4&#8243; _module_preset=&#8221;default&#8221; global_colors_info=&#8221;{}&#8221;][et_pb_heading title=&#8221;Wszechstronno\u015b\u0107 zawieszki zapachowej&#8221; module_class=&#8221;main-title&#8221; _builder_version=&#8221;4.27.4&#8243; _module_preset=&#8221;default&#8221; title_text_align=&#8221;left&#8221; global_colors_info=&#8221;{}&#8221;][\/et_pb_heading][et_pb_text _builder_version=&#8221;4.27.4&#8243; _module_preset=&#8221;default&#8221; text_orientation=&#8221;justified&#8221; animation_direction=&#8221;left&#8221; global_colors_info=&#8221;{}&#8221;]Zapachy samochodowe s\u0105 uniwersalnym produktem, kt\u00f3ry mo\u017cna sprzedawa\u0107 w wielu miejscach: stacje benzynowe, sklepy, markety, hurtownie i wiele innych miejsc. Daje nam mo\u017cliwo\u015b\u0107 stworzenia serii, kt\u00f3ra wyr\u00f3\u017cni si\u0119 zar\u00f3wno grafik\u0105 jak i zapachem. Przede wszystkim jest to produkt, po kt\u00f3ry Klient wraca. Dzi\u0119ki najwy\u017cszej jako\u015bci naszych materia\u0142\u00f3w dajemy u\u017cytkownikowi unikatowy produkt, z kt\u00f3rego b\u0119dzie m\u00f3g\u0142 bezpiecznie korzysta\u0107. 2 strony w pe\u0142ni projektowane pod wymy\u015blony kszta\u0142t, kt\u00f3re uzupe\u0142niamy wybranym kolorem gumki i kolorowym, zach\u0119caj\u0105cym do zakupu blistrem. Nasz park maszynowy pozwala na realizacj\u0119 zam\u00f3wie\u0144 do bardzo du\u017cych nak\u0142ad\u00f3w w dziesi\u0105tkach lub setkach tysi\u0119cy sztuk. Oddajemy z r\u0119ce naszych Klient\u00f3w szeroki wyb\u00f3r gotowych wykrojnik\u00f3w, spo\u015br\u00f3d kt\u00f3rych ka\u017cdy znajdzie co\u015b dla siebie. Poza sam\u0105 zawieszk\u0105 oferujemy tak\u017ce pomoc w przygotowaniu ekspozycji produktu w pude\u0142kach, na ta\u015bmach sprzeda\u017cowych lub w postaci insertu do ulotki lub innego produktu. Realizowali\u015bmy zlecenia na zawieszki mocowane do zawieszek na klamk\u0119 w hotelu, jako dodatek do butelek napoj\u00f3w, zbiornik\u00f3w oleju czy spryskiwaczy z inn\u0105 chemi\u0105 samochodow\u0105 i nie tylko. Zapraszamy do kontaktu z naszym dzia\u0142em handlowym.[\/et_pb_text][\/et_pb_column][\/et_pb_row][\/et_pb_section][et_pb_section fb_built=&#8221;1&#8243; _builder_version=&#8221;4.27.4&#8243; _module_preset=&#8221;default&#8221; background_color=&#8221;#fffcfb&#8221; custom_margin=&#8221;0px||||false|false&#8221; custom_padding=&#8221;0px||||false|false&#8221; global_colors_info=&#8221;{}&#8221;][et_pb_row column_structure=&#8221;1_2,1_2&#8243; _builder_version=&#8221;4.27.4&#8243; _module_preset=&#8221;default&#8221; width=&#8221;90%&#8221; max_width=&#8221;1220px&#8221; custom_margin=&#8221;0px||||false|false&#8221; custom_padding=&#8221;0px||||false|false&#8221; global_colors_info=&#8221;{}&#8221;][et_pb_column type=&#8221;1_2&#8243; _builder_version=&#8221;4.27.4&#8243; _module_preset=&#8221;default&#8221; global_colors_info=&#8221;{}&#8221;][et_pb_heading title=&#8221;Pomo\u017cemy w kompleksowym przygotowaniu marki w\u0142asnej&#8221; module_class=&#8221;main-title&#8221; _builder_version=&#8221;4.27.4&#8243; _module_preset=&#8221;default&#8221; title_text_align=&#8221;left&#8221; global_colors_info=&#8221;{}&#8221;][\/et_pb_heading][et_pb_text _builder_version=&#8221;4.27.4&#8243; _module_preset=&#8221;default&#8221; text_orientation=&#8221;justified&#8221; animation_direction=&#8221;left&#8221; global_colors_info=&#8221;{}&#8221;]Gdy szykujemy mark\u0119 w\u0142asn\u0105, kt\u00f3r\u0105 planujemy wprowadzi\u0107 na rynek do sprzeda\u017cy warto pomy\u015ble\u0107 nad tym jak nasz produkt b\u0119dzie eksponowany. Idealnym rozwi\u0105zaniem jest blister \u2013 czyli kartonik z eurodziurk\u0105, do kt\u00f3rego przymocowana jest zawieszka i kt\u00f3ry umo\u017cliwia nam ekspozycj\u0119 na hakach lub ta\u015bmach sprzeda\u017cowych. Jednak cz\u0119\u015b\u0107 klient\u00f3w decyduje si\u0119 na ekspozycj\u0119 w pude\u0142kach. W tym tak\u017ce mo\u017cemy Pa\u0144stwu pom\u00f3c. Wyceniamy projekty ju\u017c od 500 sztuk pude\u0142ek, ich wycena zale\u017cy od indywidualnych parametr\u00f3w. Warto przemy\u015ble\u0107 rozmiar i dostosowanie do wysy\u0142ek paletowych, kt\u00f3re przy tego typu wsp\u00f3\u0142pracy s\u0105 bardzo popularne. S\u0142u\u017cymy w tym zakresie rad\u0105 i pomoc\u0105. Zapraszamy do kontaktu.[\/et_pb_text][\/et_pb_column][et_pb_column type=&#8221;1_2&#8243; _builder_version=&#8221;4.27.4&#8243; _module_preset=&#8221;default&#8221; global_colors_info=&#8221;{}&#8221;][et_pb_image src=&#8221;https:\/\/fragrans.pl\/wp-content\/uploads\/2025\/06\/POMOZEMY-CI-Z-PROJEKTEM.png&#8221; title_text=&#8221;POMOZEMY-CI-Z-PROJEKTEM&#8221; _builder_version=&#8221;4.27.4&#8243; _module_preset=&#8221;default&#8221; global_colors_info=&#8221;{}&#8221;][\/et_pb_image][\/et_pb_column][\/et_pb_row][\/et_pb_section]<\/p>\n","protected":false},"excerpt":{"rendered":"<p>Stw\u00f3rz z nami sw\u00f3j od\u015bwie\u017cacz samochodowyZapachy samochodowe s\u0105 uniwersalnym produktem, kt\u00f3ry mo\u017cna sprzedawa\u0107 w wielu miejscach: stacje benzynowe, sklepy, markety, hurtownie i wiele innych miejsc. Daje nam mo\u017cliwo\u015b\u0107 stworzenia serii, kt\u00f3ra wyr\u00f3\u017cni si\u0119 zar\u00f3wno grafik\u0105 jak i zapachem. Przede wszystkim jest to produkt, po kt\u00f3ry Klient wraca. Dzi\u0119ki najwy\u017cszej jako\u015bci naszych materia\u0142\u00f3w dajemy u\u017cytkownikowi unikatowy [&hellip;]<\/p>\n","protected":false},"author":1,"featured_media":0,"parent":0,"menu_order":0,"comment_status":"closed","ping_status":"closed","template":"","meta":{"_acf_changed":false,"_et_pb_use_builder":"on","_et_pb_old_content":"<!-- wp:divi\/placeholder \/-->","_et_gb_content_width":"","inline_featured_image":false,"footnotes":""},"class_list":["post-490","page","type-page","status-publish","hentry"],"acf":[],"yoast_head":"<!-- This site is optimized with the Yoast SEO plugin v27.4 - https:\/\/yoast.com\/product\/yoast-seo-wordpress\/ -->\n<title>Twoja Marka W\u0142asna | Personalizowane Zawieszki Zapachowe FRAGRANS<\/title>\n<meta name=\"description\" content=\"Stw\u00f3rz unikaln\u0105 mark\u0119 zapachow\u0105! Oferujemy personalizowane zawieszki zapachowe do samochod\u00f3w z logo Twojej firmy. Idealne rozwi\u0105zanie na targi, promocje i wydarzenia firmowe. Sprawd\u017a nasz\u0105 ofert\u0119.\" \/>\n<meta name=\"robots\" content=\"index, follow, max-snippet:-1, max-image-preview:large, max-video-preview:-1\" \/>\n<link rel=\"canonical\" href=\"https:\/\/fragrans.pl\/cs\/twoja-marka-wlasna\/\" \/>\n<meta property=\"og:locale\" content=\"cs_CZ\" \/>\n<meta property=\"og:type\" content=\"article\" \/>\n<meta property=\"og:title\" content=\"Twoja Marka W\u0142asna | Personalizowane Zawieszki Zapachowe FRAGRANS\" \/>\n<meta property=\"og:description\" content=\"Stw\u00f3rz unikaln\u0105 mark\u0119 zapachow\u0105! Oferujemy personalizowane zawieszki zapachowe do samochod\u00f3w z logo Twojej firmy. Idealne rozwi\u0105zanie na targi, promocje i wydarzenia firmowe. Sprawd\u017a nasz\u0105 ofert\u0119.\" \/>\n<meta property=\"og:url\" content=\"https:\/\/fragrans.pl\/cs\/twoja-marka-wlasna\/\" \/>\n<meta property=\"og:site_name\" content=\"Fragrans\" \/>\n<meta property=\"article:modified_time\" content=\"2025-08-12T14:14:49+00:00\" \/>\n<meta name=\"twitter:card\" content=\"summary_large_image\" \/>\n<meta name=\"twitter:label1\" content=\"Odhadovan\u00e1 doba \u010dten\u00ed\" \/>\n\t<meta name=\"twitter:data1\" content=\"6 minut\" \/>\n<script type=\"application\/ld+json\" class=\"yoast-schema-graph\">{\"@context\":\"https:\\\/\\\/schema.org\",\"@graph\":[{\"@type\":\"WebPage\",\"@id\":\"https:\\\/\\\/fragrans.pl\\\/twoja-marka-wlasna\\\/\",\"url\":\"https:\\\/\\\/fragrans.pl\\\/twoja-marka-wlasna\\\/\",\"name\":\"Twoja Marka W\u0142asna | Personalizowane Zawieszki Zapachowe FRAGRANS\",\"isPartOf\":{\"@id\":\"https:\\\/\\\/fragrans.pl\\\/#website\"},\"datePublished\":\"2025-06-21T15:00:52+00:00\",\"dateModified\":\"2025-08-12T14:14:49+00:00\",\"description\":\"Stw\u00f3rz unikaln\u0105 mark\u0119 zapachow\u0105! Oferujemy personalizowane zawieszki zapachowe do samochod\u00f3w z logo Twojej firmy. Idealne rozwi\u0105zanie na targi, promocje i wydarzenia firmowe. Sprawd\u017a nasz\u0105 ofert\u0119.\",\"breadcrumb\":{\"@id\":\"https:\\\/\\\/fragrans.pl\\\/twoja-marka-wlasna\\\/#breadcrumb\"},\"inLanguage\":\"cs\",\"potentialAction\":[{\"@type\":\"ReadAction\",\"target\":[\"https:\\\/\\\/fragrans.pl\\\/twoja-marka-wlasna\\\/\"]}]},{\"@type\":\"BreadcrumbList\",\"@id\":\"https:\\\/\\\/fragrans.pl\\\/twoja-marka-wlasna\\\/#breadcrumb\",\"itemListElement\":[{\"@type\":\"ListItem\",\"position\":1,\"name\":\"Strona g\u0142\u00f3wna\",\"item\":\"https:\\\/\\\/fragrans.pl\\\/\"},{\"@type\":\"ListItem\",\"position\":2,\"name\":\"Twoja marka w\u0142asna\"}]},{\"@type\":\"WebSite\",\"@id\":\"https:\\\/\\\/fragrans.pl\\\/#website\",\"url\":\"https:\\\/\\\/fragrans.pl\\\/\",\"name\":\"Fragrans\",\"description\":\"\",\"potentialAction\":[{\"@type\":\"SearchAction\",\"target\":{\"@type\":\"EntryPoint\",\"urlTemplate\":\"https:\\\/\\\/fragrans.pl\\\/?s={search_term_string}\"},\"query-input\":{\"@type\":\"PropertyValueSpecification\",\"valueRequired\":true,\"valueName\":\"search_term_string\"}}],\"inLanguage\":\"cs\"}]}<\/script>\n<!-- \/ Yoast SEO plugin. -->","yoast_head_json":{"title":"Twoja Marka W\u0142asna | Personalizowane Zawieszki Zapachowe FRAGRANS","description":"Stw\u00f3rz unikaln\u0105 mark\u0119 zapachow\u0105! Oferujemy personalizowane zawieszki zapachowe do samochod\u00f3w z logo Twojej firmy. Idealne rozwi\u0105zanie na targi, promocje i wydarzenia firmowe. Sprawd\u017a nasz\u0105 ofert\u0119.","robots":{"index":"index","follow":"follow","max-snippet":"max-snippet:-1","max-image-preview":"max-image-preview:large","max-video-preview":"max-video-preview:-1"},"canonical":"https:\/\/fragrans.pl\/cs\/twoja-marka-wlasna\/","og_locale":"cs_CZ","og_type":"article","og_title":"Twoja Marka W\u0142asna | Personalizowane Zawieszki Zapachowe FRAGRANS","og_description":"Stw\u00f3rz unikaln\u0105 mark\u0119 zapachow\u0105! Oferujemy personalizowane zawieszki zapachowe do samochod\u00f3w z logo Twojej firmy. Idealne rozwi\u0105zanie na targi, promocje i wydarzenia firmowe. Sprawd\u017a nasz\u0105 ofert\u0119.","og_url":"https:\/\/fragrans.pl\/cs\/twoja-marka-wlasna\/","og_site_name":"Fragrans","article_modified_time":"2025-08-12T14:14:49+00:00","twitter_card":"summary_large_image","twitter_misc":{"Odhadovan\u00e1 doba \u010dten\u00ed":"6 minut"},"schema":{"@context":"https:\/\/schema.org","@graph":[{"@type":"WebPage","@id":"https:\/\/fragrans.pl\/twoja-marka-wlasna\/","url":"https:\/\/fragrans.pl\/twoja-marka-wlasna\/","name":"Twoja Marka W\u0142asna | Personalizowane Zawieszki Zapachowe FRAGRANS","isPartOf":{"@id":"https:\/\/fragrans.pl\/#website"},"datePublished":"2025-06-21T15:00:52+00:00","dateModified":"2025-08-12T14:14:49+00:00","description":"Stw\u00f3rz unikaln\u0105 mark\u0119 zapachow\u0105! Oferujemy personalizowane zawieszki zapachowe do samochod\u00f3w z logo Twojej firmy. Idealne rozwi\u0105zanie na targi, promocje i wydarzenia firmowe. Sprawd\u017a nasz\u0105 ofert\u0119.","breadcrumb":{"@id":"https:\/\/fragrans.pl\/twoja-marka-wlasna\/#breadcrumb"},"inLanguage":"cs","potentialAction":[{"@type":"ReadAction","target":["https:\/\/fragrans.pl\/twoja-marka-wlasna\/"]}]},{"@type":"BreadcrumbList","@id":"https:\/\/fragrans.pl\/twoja-marka-wlasna\/#breadcrumb","itemListElement":[{"@type":"ListItem","position":1,"name":"Strona g\u0142\u00f3wna","item":"https:\/\/fragrans.pl\/"},{"@type":"ListItem","position":2,"name":"Twoja marka w\u0142asna"}]},{"@type":"WebSite","@id":"https:\/\/fragrans.pl\/#website","url":"https:\/\/fragrans.pl\/","name":"Fragrans","description":"","potentialAction":[{"@type":"SearchAction","target":{"@type":"EntryPoint","urlTemplate":"https:\/\/fragrans.pl\/?s={search_term_string}"},"query-input":{"@type":"PropertyValueSpecification","valueRequired":true,"valueName":"search_term_string"}}],"inLanguage":"cs"}]}},"_links":{"self":[{"href":"https:\/\/fragrans.pl\/cs\/wp-json\/wp\/v2\/pages\/490","targetHints":{"allow":["GET"]}}],"collection":[{"href":"https:\/\/fragrans.pl\/cs\/wp-json\/wp\/v2\/pages"}],"about":[{"href":"https:\/\/fragrans.pl\/cs\/wp-json\/wp\/v2\/types\/page"}],"author":[{"embeddable":true,"href":"https:\/\/fragrans.pl\/cs\/wp-json\/wp\/v2\/users\/1"}],"replies":[{"embeddable":true,"href":"https:\/\/fragrans.pl\/cs\/wp-json\/wp\/v2\/comments?post=490"}],"version-history":[{"count":26,"href":"https:\/\/fragrans.pl\/cs\/wp-json\/wp\/v2\/pages\/490\/revisions"}],"predecessor-version":[{"id":2018,"href":"https:\/\/fragrans.pl\/cs\/wp-json\/wp\/v2\/pages\/490\/revisions\/2018"}],"wp:attachment":[{"href":"https:\/\/fragrans.pl\/cs\/wp-json\/wp\/v2\/media?parent=490"}],"curies":[{"name":"wp","href":"https:\/\/api.w.org\/{rel}","templated":true}]}}