{"id":379,"date":"2025-06-14T14:36:41","date_gmt":"2025-06-14T12:36:41","guid":{"rendered":"https:\/\/fragrans.pl\/?page_id=379"},"modified":"2025-07-31T15:38:18","modified_gmt":"2025-07-31T13:38:18","slug":"wykrojniki","status":"publish","type":"page","link":"https:\/\/fragrans.pl\/de\/wykrojniki\/","title":{"rendered":"Stanzteile"},"content":{"rendered":"<p>[et_pb_section fb_built=&#8221;1&#8243; admin_label=&#8221;Baner&#8221; module_class=&#8221;counters&#8221; _builder_version=&#8221;4.27.4&#8243; _module_preset=&#8221;default&#8221; background_enable_image=&#8221;off&#8221; min_height_last_edited=&#8221;off|desktop&#8221; custom_css_free_form=&#8221;selector {||display: flex;||flex-direction: column;||justify-content: center;||}&#8221; global_colors_info=&#8221;{}&#8221;][et_pb_row custom_padding_last_edited=&#8221;off|desktop&#8221; _builder_version=&#8221;4.27.4&#8243; _module_preset=&#8221;default&#8221; custom_margin=&#8221;||||false|false&#8221; custom_margin_tablet=&#8221;100px||100px||false|false&#8221; custom_margin_phone=&#8221;||||false|false&#8221; custom_margin_last_edited=&#8221;off|desktop&#8221; custom_padding=&#8221;||||false|false&#8221; custom_padding_tablet=&#8221;100px||100px||false|false&#8221; custom_padding_phone=&#8221;||||false|false&#8221; global_colors_info=&#8221;{}&#8221;][et_pb_column type=&#8221;4_4&#8243; _builder_version=&#8221;4.27.4&#8243; _module_preset=&#8221;default&#8221; global_colors_info=&#8221;{}&#8221;][et_pb_heading title=&#8221;Przyk\u0142adowe wykrojniki&#8221; module_class=&#8221;main-title&#8221; _builder_version=&#8221;4.27.4&#8243; _module_preset=&#8221;default&#8221; title_text_align=&#8221;left&#8221; global_colors_info=&#8221;{}&#8221;][\/et_pb_heading][et_pb_text _builder_version=&#8221;4.27.4&#8243; _module_preset=&#8221;default&#8221; animation_direction=&#8221;left&#8221; global_colors_info=&#8221;{}&#8221;]<\/p>\n<p>Kliknij\u00a0<i class=\"fas fa-file-pdf\"><\/i> przy przyk\u0142adowym wykrojniku, aby pobra\u0107 szablon do przygotowania projektu. Je\u015bli potrzebujesz wi\u0119kszego wyboru \u2013 napisz do nas.<\/p>\n<p>W naszej bazie dla naszych Klient\u00f3w udost\u0119pniamy ponad 2500 gotowych do wykorzystania kszta\u0142t\u00f3w dla zawieszek samochodowych. Istnieje te\u017c mo\u017cliwo\u015b\u0107 wykonania zapachu do samochodu w kszta\u0142cie swojego produktu lub logo. To idealna forma pachn\u0105cej reklamy.<\/p>\n<p>Przedstawiamy popularne kszta\u0142ty zapach\u00f3w samochodowych, idealne aby wr\u0119czy\u0107 Klientowi, zmie\u015bci si\u0119 nawet w portfelu. Mo\u017ce pos\u0142u\u017cy\u0107 jako pachn\u0105ca wizyt\u00f3wka, kt\u00f3ra powieszona w aucie jest na widoku przez d\u0142ugi czas nie tylko dla kierowcy, ale i jego pasa\u017cer\u00f3w oraz przechodni\u00f3w mijaj\u0105cych samoch\u00f3d.<\/p>\n<p>Standardowy rozmiar maksymalny zawieszki wynosi 96&#215;73 mm (wi\u0119ksze rozmiary podlegaj\u0105 indywidualnej wycenie) to du\u017ca powierzchnia na personalizowan\u0105 dwustronn\u0105 reklam\u0119 full kolor. Dla zawieszek dedykowanych do blistra nale\u017cy wybra\u0107 kszta\u0142t w uk\u0142adzie pionowym o optymalnej szeroko\u015bci 66-74 mm dla gotowych w bazie kszta\u0142t\u00f3w blistr\u00f3w.<\/p>\n<p>W naszej bazie znajd\u0105 Pa\u0144stwo kszta\u0142ty dopasowane do ka\u017cdej bran\u017cy, wybrali\u015bmy tutaj najcz\u0119\u015bciej wybierane przez Klient\u00f3w kszta\u0142ty oraz propozycje do wykorzystania przez r\u00f3\u017cne bran\u017ce. Zapraszamy te\u017c do kontaktu z naszym Dzia\u0142em Handlowym, gdzie pomo\u017cemy w doborze odpowiedniego kszta\u0142tu.<\/p>\n<p>[\/et_pb_text][divi_wykrojnik posts_number=&#8221;50&#8243; _builder_version=&#8221;4.27.4&#8243; _module_preset=&#8221;default&#8221; global_colors_info=&#8221;{}&#8221;][\/divi_wykrojnik][\/et_pb_column][\/et_pb_row][\/et_pb_section]<\/p>\n","protected":false},"excerpt":{"rendered":"<p>Kliknij\u00a0 przy przyk\u0142adowym wykrojniku, aby pobra\u0107 szablon do przygotowania projektu. Je\u015bli potrzebujesz wi\u0119kszego wyboru \u2013 napisz do nas. W naszej bazie dla naszych Klient\u00f3w udost\u0119pniamy ponad 2500 gotowych do wykorzystania kszta\u0142t\u00f3w dla zawieszek samochodowych. Istnieje te\u017c mo\u017cliwo\u015b\u0107 wykonania zapachu do samochodu w kszta\u0142cie swojego produktu lub logo. To idealna forma pachn\u0105cej reklamy. Przedstawiamy popularne kszta\u0142ty [&hellip;]<\/p>\n","protected":false},"author":1,"featured_media":0,"parent":0,"menu_order":0,"comment_status":"closed","ping_status":"closed","template":"","meta":{"_acf_changed":false,"_et_pb_use_builder":"on","_et_pb_old_content":"<!-- wp:divi\/placeholder \/-->","_et_gb_content_width":"","inline_featured_image":false,"footnotes":""},"class_list":["post-379","page","type-page","status-publish","hentry"],"acf":[],"yoast_head":"<!-- This site is optimized with the Yoast SEO plugin v27.4 - https:\/\/yoast.com\/product\/yoast-seo-wordpress\/ -->\n<title>Wykrojniki Zawieszek Zapachowych FRAGRANS - Ponad 2500 Kszta\u0142t\u00f3w do Wyboru<\/title>\n<meta name=\"description\" content=\"Zam\u00f3w zawieszki zapachowe w ponad 2500 kszta\u0142tach. Oferujemy szeroki wyb\u00f3r wykrojnik\u00f3w, kt\u00f3re mo\u017cesz dostosowa\u0107 do swojej marki. Sprawd\u017a nasze unikalne rozwi\u0105zania!\" \/>\n<meta name=\"robots\" content=\"index, follow, max-snippet:-1, max-image-preview:large, max-video-preview:-1\" \/>\n<link rel=\"canonical\" href=\"https:\/\/fragrans.pl\/de\/wykrojniki\/\" \/>\n<meta property=\"og:locale\" content=\"de_DE\" \/>\n<meta property=\"og:type\" content=\"article\" \/>\n<meta property=\"og:title\" content=\"Wykrojniki Zawieszek Zapachowych FRAGRANS - Ponad 2500 Kszta\u0142t\u00f3w do Wyboru\" \/>\n<meta property=\"og:description\" content=\"Zam\u00f3w zawieszki zapachowe w ponad 2500 kszta\u0142tach. Oferujemy szeroki wyb\u00f3r wykrojnik\u00f3w, kt\u00f3re mo\u017cesz dostosowa\u0107 do swojej marki. Sprawd\u017a nasze unikalne rozwi\u0105zania!\" \/>\n<meta property=\"og:url\" content=\"https:\/\/fragrans.pl\/de\/wykrojniki\/\" \/>\n<meta property=\"og:site_name\" content=\"Fragrans\" \/>\n<meta property=\"article:modified_time\" content=\"2025-07-31T13:38:18+00:00\" \/>\n<meta name=\"twitter:card\" content=\"summary_large_image\" \/>\n<meta name=\"twitter:label1\" content=\"Gesch\u00e4tzte Lesezeit\" \/>\n\t<meta name=\"twitter:data1\" content=\"2\u00a0Minuten\" \/>\n<script type=\"application\/ld+json\" class=\"yoast-schema-graph\">{\"@context\":\"https:\\\/\\\/schema.org\",\"@graph\":[{\"@type\":\"WebPage\",\"@id\":\"https:\\\/\\\/fragrans.pl\\\/wykrojniki\\\/\",\"url\":\"https:\\\/\\\/fragrans.pl\\\/wykrojniki\\\/\",\"name\":\"Wykrojniki Zawieszek Zapachowych FRAGRANS - Ponad 2500 Kszta\u0142t\u00f3w do Wyboru\",\"isPartOf\":{\"@id\":\"https:\\\/\\\/fragrans.pl\\\/#website\"},\"datePublished\":\"2025-06-14T12:36:41+00:00\",\"dateModified\":\"2025-07-31T13:38:18+00:00\",\"description\":\"Zam\u00f3w zawieszki zapachowe w ponad 2500 kszta\u0142tach. Oferujemy szeroki wyb\u00f3r wykrojnik\u00f3w, kt\u00f3re mo\u017cesz dostosowa\u0107 do swojej marki. Sprawd\u017a nasze unikalne rozwi\u0105zania!\",\"breadcrumb\":{\"@id\":\"https:\\\/\\\/fragrans.pl\\\/wykrojniki\\\/#breadcrumb\"},\"inLanguage\":\"de\",\"potentialAction\":[{\"@type\":\"ReadAction\",\"target\":[\"https:\\\/\\\/fragrans.pl\\\/wykrojniki\\\/\"]}]},{\"@type\":\"BreadcrumbList\",\"@id\":\"https:\\\/\\\/fragrans.pl\\\/wykrojniki\\\/#breadcrumb\",\"itemListElement\":[{\"@type\":\"ListItem\",\"position\":1,\"name\":\"Strona g\u0142\u00f3wna\",\"item\":\"https:\\\/\\\/fragrans.pl\\\/\"},{\"@type\":\"ListItem\",\"position\":2,\"name\":\"Wykrojniki\"}]},{\"@type\":\"WebSite\",\"@id\":\"https:\\\/\\\/fragrans.pl\\\/#website\",\"url\":\"https:\\\/\\\/fragrans.pl\\\/\",\"name\":\"Fragrans\",\"description\":\"\",\"potentialAction\":[{\"@type\":\"SearchAction\",\"target\":{\"@type\":\"EntryPoint\",\"urlTemplate\":\"https:\\\/\\\/fragrans.pl\\\/?s={search_term_string}\"},\"query-input\":{\"@type\":\"PropertyValueSpecification\",\"valueRequired\":true,\"valueName\":\"search_term_string\"}}],\"inLanguage\":\"de\"}]}<\/script>\n<!-- \/ Yoast SEO plugin. -->","yoast_head_json":{"title":"Wykrojniki Zawieszek Zapachowych FRAGRANS - Ponad 2500 Kszta\u0142t\u00f3w do Wyboru","description":"Zam\u00f3w zawieszki zapachowe w ponad 2500 kszta\u0142tach. Oferujemy szeroki wyb\u00f3r wykrojnik\u00f3w, kt\u00f3re mo\u017cesz dostosowa\u0107 do swojej marki. Sprawd\u017a nasze unikalne rozwi\u0105zania!","robots":{"index":"index","follow":"follow","max-snippet":"max-snippet:-1","max-image-preview":"max-image-preview:large","max-video-preview":"max-video-preview:-1"},"canonical":"https:\/\/fragrans.pl\/de\/wykrojniki\/","og_locale":"de_DE","og_type":"article","og_title":"Wykrojniki Zawieszek Zapachowych FRAGRANS - Ponad 2500 Kszta\u0142t\u00f3w do Wyboru","og_description":"Zam\u00f3w zawieszki zapachowe w ponad 2500 kszta\u0142tach. Oferujemy szeroki wyb\u00f3r wykrojnik\u00f3w, kt\u00f3re mo\u017cesz dostosowa\u0107 do swojej marki. Sprawd\u017a nasze unikalne rozwi\u0105zania!","og_url":"https:\/\/fragrans.pl\/de\/wykrojniki\/","og_site_name":"Fragrans","article_modified_time":"2025-07-31T13:38:18+00:00","twitter_card":"summary_large_image","twitter_misc":{"Gesch\u00e4tzte Lesezeit":"2\u00a0Minuten"},"schema":{"@context":"https:\/\/schema.org","@graph":[{"@type":"WebPage","@id":"https:\/\/fragrans.pl\/wykrojniki\/","url":"https:\/\/fragrans.pl\/wykrojniki\/","name":"Wykrojniki Zawieszek Zapachowych FRAGRANS - Ponad 2500 Kszta\u0142t\u00f3w do Wyboru","isPartOf":{"@id":"https:\/\/fragrans.pl\/#website"},"datePublished":"2025-06-14T12:36:41+00:00","dateModified":"2025-07-31T13:38:18+00:00","description":"Zam\u00f3w zawieszki zapachowe w ponad 2500 kszta\u0142tach. Oferujemy szeroki wyb\u00f3r wykrojnik\u00f3w, kt\u00f3re mo\u017cesz dostosowa\u0107 do swojej marki. Sprawd\u017a nasze unikalne rozwi\u0105zania!","breadcrumb":{"@id":"https:\/\/fragrans.pl\/wykrojniki\/#breadcrumb"},"inLanguage":"de","potentialAction":[{"@type":"ReadAction","target":["https:\/\/fragrans.pl\/wykrojniki\/"]}]},{"@type":"BreadcrumbList","@id":"https:\/\/fragrans.pl\/wykrojniki\/#breadcrumb","itemListElement":[{"@type":"ListItem","position":1,"name":"Strona g\u0142\u00f3wna","item":"https:\/\/fragrans.pl\/"},{"@type":"ListItem","position":2,"name":"Wykrojniki"}]},{"@type":"WebSite","@id":"https:\/\/fragrans.pl\/#website","url":"https:\/\/fragrans.pl\/","name":"Fragrans","description":"","potentialAction":[{"@type":"SearchAction","target":{"@type":"EntryPoint","urlTemplate":"https:\/\/fragrans.pl\/?s={search_term_string}"},"query-input":{"@type":"PropertyValueSpecification","valueRequired":true,"valueName":"search_term_string"}}],"inLanguage":"de"}]}},"_links":{"self":[{"href":"https:\/\/fragrans.pl\/de\/wp-json\/wp\/v2\/pages\/379","targetHints":{"allow":["GET"]}}],"collection":[{"href":"https:\/\/fragrans.pl\/de\/wp-json\/wp\/v2\/pages"}],"about":[{"href":"https:\/\/fragrans.pl\/de\/wp-json\/wp\/v2\/types\/page"}],"author":[{"embeddable":true,"href":"https:\/\/fragrans.pl\/de\/wp-json\/wp\/v2\/users\/1"}],"replies":[{"embeddable":true,"href":"https:\/\/fragrans.pl\/de\/wp-json\/wp\/v2\/comments?post=379"}],"version-history":[{"count":10,"href":"https:\/\/fragrans.pl\/de\/wp-json\/wp\/v2\/pages\/379\/revisions"}],"predecessor-version":[{"id":1960,"href":"https:\/\/fragrans.pl\/de\/wp-json\/wp\/v2\/pages\/379\/revisions\/1960"}],"wp:attachment":[{"href":"https:\/\/fragrans.pl\/de\/wp-json\/wp\/v2\/media?parent=379"}],"curies":[{"name":"wp","href":"https:\/\/api.w.org\/{rel}","templated":true}]}}