{"id":1213,"date":"2025-07-06T16:03:41","date_gmt":"2025-07-06T14:03:41","guid":{"rendered":"https:\/\/fragrans.pl\/?page_id=1213"},"modified":"2025-07-31T15:39:10","modified_gmt":"2025-07-31T13:39:10","slug":"katalog","status":"publish","type":"page","link":"https:\/\/fragrans.pl\/es\/katalog\/","title":{"rendered":"Cat\u00e1logo"},"content":{"rendered":"<p>[et_pb_section fb_built=&#8221;1&#8243; admin_label=&#8221;Baner&#8221; module_class=&#8221;counters&#8221; _builder_version=&#8221;4.27.4&#8243; _module_preset=&#8221;default&#8221; background_enable_image=&#8221;off&#8221; min_height_last_edited=&#8221;off|desktop&#8221; custom_css_free_form=&#8221;selector {||display: flex;||flex-direction: column;||justify-content: center;||}&#8221; global_colors_info=&#8221;{}&#8221;][et_pb_row custom_padding_last_edited=&#8221;off|desktop&#8221; _builder_version=&#8221;4.27.4&#8243; _module_preset=&#8221;default&#8221; custom_margin=&#8221;||||false|false&#8221; custom_margin_tablet=&#8221;100px||100px||false|false&#8221; custom_margin_phone=&#8221;||||false|false&#8221; custom_margin_last_edited=&#8221;off|desktop&#8221; custom_padding=&#8221;||||false|false&#8221; custom_padding_tablet=&#8221;100px||100px||false|false&#8221; custom_padding_phone=&#8221;||||false|false&#8221; global_colors_info=&#8221;{}&#8221;][et_pb_column type=&#8221;4_4&#8243; _builder_version=&#8221;4.27.4&#8243; _module_preset=&#8221;default&#8221; global_colors_info=&#8221;{}&#8221;][et_pb_heading title=&#8221;Katalog&#8221; module_class=&#8221;main-title&#8221; _builder_version=&#8221;4.27.4&#8243; _module_preset=&#8221;default&#8221; title_text_align=&#8221;left&#8221; global_colors_info=&#8221;{}&#8221;][\/et_pb_heading][et_pb_text _builder_version=&#8221;4.27.4&#8243; _module_preset=&#8221;default&#8221; animation_direction=&#8221;left&#8221; global_colors_info=&#8221;{}&#8221;]<div class=\"_df_book df-lite\" id=\"df_1233\"  _slug=\"katalog-es\" data-title=\"katalog-es\" wpoptions=\"true\" thumbtype=\"\" ><\/div><script class=\"df-shortcode-script\" nowprocket type=\"application\/javascript\">window.option_df_1233 = {\"outline\":[],\"autoEnableOutline\":\"false\",\"autoEnableThumbnail\":\"false\",\"overwritePDFOutline\":\"false\",\"direction\":\"1\",\"pageSize\":\"0\",\"source\":\"https:\\\/\\\/fragrans.pl\\\/wp-content\\\/uploads\\\/2025\\\/07\\\/KATALOG-ES-2025.pdf\",\"wpOptions\":\"true\"}; if(window.DFLIP && window.DFLIP.parseBooks){window.DFLIP.parseBooks();}<\/script>[\/et_pb_text][\/et_pb_column][\/et_pb_row][\/et_pb_section]<\/p>\n","protected":false},"excerpt":{"rendered":"<div class=\"_df_book df-lite\" id=\"df_1233\"  _slug=\"katalog-es\" data-title=\"katalog-es\" wpoptions=\"true\" thumbtype=\"\" ><\/div><script class=\"df-shortcode-script\" nowprocket type=\"application\/javascript\">window.option_df_1233 = {\"outline\":[],\"autoEnableOutline\":\"false\",\"autoEnableThumbnail\":\"false\",\"overwritePDFOutline\":\"false\",\"direction\":\"1\",\"pageSize\":\"0\",\"source\":\"https:\\\/\\\/fragrans.pl\\\/wp-content\\\/uploads\\\/2025\\\/07\\\/KATALOG-ES-2025.pdf\",\"wpOptions\":\"true\"}; if(window.DFLIP && window.DFLIP.parseBooks){window.DFLIP.parseBooks();}<\/script>","protected":false},"author":1,"featured_media":0,"parent":0,"menu_order":0,"comment_status":"closed","ping_status":"closed","template":"","meta":{"_acf_changed":false,"_et_pb_use_builder":"on","_et_pb_old_content":"<!-- wp:divi\/placeholder \/-->","_et_gb_content_width":"","inline_featured_image":false,"footnotes":""},"class_list":["post-1213","page","type-page","status-publish","hentry"],"acf":[],"yoast_head":"<!-- This site is optimized with the Yoast SEO plugin v27.4 - https:\/\/yoast.com\/product\/yoast-seo-wordpress\/ -->\n<title>Katalog Zawieszek Zapachowych FRAGRANS - Ponad 2500 Kszta\u0142t\u00f3w i 35 Zapach\u00f3w<\/title>\n<meta name=\"description\" content=\"Przejrzyj nasz pe\u0142ny katalog zawieszek zapachowych do samochod\u00f3w. Wybierz spo\u015br\u00f3d ponad 2500 kszta\u0142t\u00f3w i 35 zapach\u00f3w! Personalizacja na najwy\u017cszym poziomie. Sprawd\u017a nasz\u0105 ofert\u0119.\" \/>\n<meta name=\"robots\" content=\"index, follow, max-snippet:-1, max-image-preview:large, max-video-preview:-1\" \/>\n<link rel=\"canonical\" href=\"https:\/\/fragrans.pl\/es\/katalog\/\" \/>\n<meta property=\"og:locale\" content=\"es_ES\" \/>\n<meta property=\"og:type\" content=\"article\" \/>\n<meta property=\"og:title\" content=\"Katalog Zawieszek Zapachowych FRAGRANS - Ponad 2500 Kszta\u0142t\u00f3w i 35 Zapach\u00f3w\" \/>\n<meta property=\"og:description\" content=\"Przejrzyj nasz pe\u0142ny katalog zawieszek zapachowych do samochod\u00f3w. Wybierz spo\u015br\u00f3d ponad 2500 kszta\u0142t\u00f3w i 35 zapach\u00f3w! Personalizacja na najwy\u017cszym poziomie. Sprawd\u017a nasz\u0105 ofert\u0119.\" \/>\n<meta property=\"og:url\" content=\"https:\/\/fragrans.pl\/es\/katalog\/\" \/>\n<meta property=\"og:site_name\" content=\"Fragrans\" \/>\n<meta property=\"article:modified_time\" content=\"2025-07-31T13:39:10+00:00\" \/>\n<meta name=\"twitter:card\" content=\"summary_large_image\" \/>\n<meta name=\"twitter:label1\" content=\"Tiempo de lectura\" \/>\n\t<meta name=\"twitter:data1\" content=\"1 minuto\" \/>\n<script type=\"application\/ld+json\" class=\"yoast-schema-graph\">{\"@context\":\"https:\\\/\\\/schema.org\",\"@graph\":[{\"@type\":\"WebPage\",\"@id\":\"https:\\\/\\\/fragrans.pl\\\/katalog\\\/\",\"url\":\"https:\\\/\\\/fragrans.pl\\\/katalog\\\/\",\"name\":\"Katalog Zawieszek Zapachowych FRAGRANS - Ponad 2500 Kszta\u0142t\u00f3w i 35 Zapach\u00f3w\",\"isPartOf\":{\"@id\":\"https:\\\/\\\/fragrans.pl\\\/#website\"},\"datePublished\":\"2025-07-06T14:03:41+00:00\",\"dateModified\":\"2025-07-31T13:39:10+00:00\",\"description\":\"Przejrzyj nasz pe\u0142ny katalog zawieszek zapachowych do samochod\u00f3w. Wybierz spo\u015br\u00f3d ponad 2500 kszta\u0142t\u00f3w i 35 zapach\u00f3w! Personalizacja na najwy\u017cszym poziomie. Sprawd\u017a nasz\u0105 ofert\u0119.\",\"breadcrumb\":{\"@id\":\"https:\\\/\\\/fragrans.pl\\\/katalog\\\/#breadcrumb\"},\"inLanguage\":\"es\",\"potentialAction\":[{\"@type\":\"ReadAction\",\"target\":[\"https:\\\/\\\/fragrans.pl\\\/katalog\\\/\"]}]},{\"@type\":\"BreadcrumbList\",\"@id\":\"https:\\\/\\\/fragrans.pl\\\/katalog\\\/#breadcrumb\",\"itemListElement\":[{\"@type\":\"ListItem\",\"position\":1,\"name\":\"Strona g\u0142\u00f3wna\",\"item\":\"https:\\\/\\\/fragrans.pl\\\/\"},{\"@type\":\"ListItem\",\"position\":2,\"name\":\"Katalog\"}]},{\"@type\":\"WebSite\",\"@id\":\"https:\\\/\\\/fragrans.pl\\\/#website\",\"url\":\"https:\\\/\\\/fragrans.pl\\\/\",\"name\":\"Fragrans\",\"description\":\"\",\"potentialAction\":[{\"@type\":\"SearchAction\",\"target\":{\"@type\":\"EntryPoint\",\"urlTemplate\":\"https:\\\/\\\/fragrans.pl\\\/?s={search_term_string}\"},\"query-input\":{\"@type\":\"PropertyValueSpecification\",\"valueRequired\":true,\"valueName\":\"search_term_string\"}}],\"inLanguage\":\"es\"}]}<\/script>\n<!-- \/ Yoast SEO plugin. -->","yoast_head_json":{"title":"Katalog Zawieszek Zapachowych FRAGRANS - Ponad 2500 Kszta\u0142t\u00f3w i 35 Zapach\u00f3w","description":"Przejrzyj nasz pe\u0142ny katalog zawieszek zapachowych do samochod\u00f3w. Wybierz spo\u015br\u00f3d ponad 2500 kszta\u0142t\u00f3w i 35 zapach\u00f3w! Personalizacja na najwy\u017cszym poziomie. Sprawd\u017a nasz\u0105 ofert\u0119.","robots":{"index":"index","follow":"follow","max-snippet":"max-snippet:-1","max-image-preview":"max-image-preview:large","max-video-preview":"max-video-preview:-1"},"canonical":"https:\/\/fragrans.pl\/es\/katalog\/","og_locale":"es_ES","og_type":"article","og_title":"Katalog Zawieszek Zapachowych FRAGRANS - Ponad 2500 Kszta\u0142t\u00f3w i 35 Zapach\u00f3w","og_description":"Przejrzyj nasz pe\u0142ny katalog zawieszek zapachowych do samochod\u00f3w. Wybierz spo\u015br\u00f3d ponad 2500 kszta\u0142t\u00f3w i 35 zapach\u00f3w! Personalizacja na najwy\u017cszym poziomie. Sprawd\u017a nasz\u0105 ofert\u0119.","og_url":"https:\/\/fragrans.pl\/es\/katalog\/","og_site_name":"Fragrans","article_modified_time":"2025-07-31T13:39:10+00:00","twitter_card":"summary_large_image","twitter_misc":{"Tiempo de lectura":"1 minuto"},"schema":{"@context":"https:\/\/schema.org","@graph":[{"@type":"WebPage","@id":"https:\/\/fragrans.pl\/katalog\/","url":"https:\/\/fragrans.pl\/katalog\/","name":"Katalog Zawieszek Zapachowych FRAGRANS - Ponad 2500 Kszta\u0142t\u00f3w i 35 Zapach\u00f3w","isPartOf":{"@id":"https:\/\/fragrans.pl\/#website"},"datePublished":"2025-07-06T14:03:41+00:00","dateModified":"2025-07-31T13:39:10+00:00","description":"Przejrzyj nasz pe\u0142ny katalog zawieszek zapachowych do samochod\u00f3w. Wybierz spo\u015br\u00f3d ponad 2500 kszta\u0142t\u00f3w i 35 zapach\u00f3w! Personalizacja na najwy\u017cszym poziomie. Sprawd\u017a nasz\u0105 ofert\u0119.","breadcrumb":{"@id":"https:\/\/fragrans.pl\/katalog\/#breadcrumb"},"inLanguage":"es","potentialAction":[{"@type":"ReadAction","target":["https:\/\/fragrans.pl\/katalog\/"]}]},{"@type":"BreadcrumbList","@id":"https:\/\/fragrans.pl\/katalog\/#breadcrumb","itemListElement":[{"@type":"ListItem","position":1,"name":"Strona g\u0142\u00f3wna","item":"https:\/\/fragrans.pl\/"},{"@type":"ListItem","position":2,"name":"Katalog"}]},{"@type":"WebSite","@id":"https:\/\/fragrans.pl\/#website","url":"https:\/\/fragrans.pl\/","name":"Fragrans","description":"","potentialAction":[{"@type":"SearchAction","target":{"@type":"EntryPoint","urlTemplate":"https:\/\/fragrans.pl\/?s={search_term_string}"},"query-input":{"@type":"PropertyValueSpecification","valueRequired":true,"valueName":"search_term_string"}}],"inLanguage":"es"}]}},"_links":{"self":[{"href":"https:\/\/fragrans.pl\/es\/wp-json\/wp\/v2\/pages\/1213","targetHints":{"allow":["GET"]}}],"collection":[{"href":"https:\/\/fragrans.pl\/es\/wp-json\/wp\/v2\/pages"}],"about":[{"href":"https:\/\/fragrans.pl\/es\/wp-json\/wp\/v2\/types\/page"}],"author":[{"embeddable":true,"href":"https:\/\/fragrans.pl\/es\/wp-json\/wp\/v2\/users\/1"}],"replies":[{"embeddable":true,"href":"https:\/\/fragrans.pl\/es\/wp-json\/wp\/v2\/comments?post=1213"}],"version-history":[{"count":9,"href":"https:\/\/fragrans.pl\/es\/wp-json\/wp\/v2\/pages\/1213\/revisions"}],"predecessor-version":[{"id":1970,"href":"https:\/\/fragrans.pl\/es\/wp-json\/wp\/v2\/pages\/1213\/revisions\/1970"}],"wp:attachment":[{"href":"https:\/\/fragrans.pl\/es\/wp-json\/wp\/v2\/media?parent=1213"}],"curies":[{"name":"wp","href":"https:\/\/api.w.org\/{rel}","templated":true}]}}