{"id":507,"date":"2025-06-21T17:05:37","date_gmt":"2025-06-21T15:05:37","guid":{"rendered":"https:\/\/fragrans.pl\/?page_id=507"},"modified":"2025-07-31T15:37:30","modified_gmt":"2025-07-31T13:37:30","slug":"fresh-car","status":"publish","type":"page","link":"https:\/\/fragrans.pl\/lv\/fresh-car\/","title":{"rendered":"Fresh car"},"content":{"rendered":"<p>[et_pb_section fb_built=&#8221;1&#8243; _builder_version=&#8221;4.27.4&#8243; _module_preset=&#8221;default&#8221; background_enable_color=&#8221;off&#8221; global_colors_info=&#8221;{}&#8221;][et_pb_row column_structure=&#8221;1_2,1_2&#8243; _builder_version=&#8221;4.27.4&#8243; _module_preset=&#8221;default&#8221; width=&#8221;90%&#8221; max_width=&#8221;1220px&#8221; global_colors_info=&#8221;{}&#8221;][et_pb_column type=&#8221;1_2&#8243; _builder_version=&#8221;4.27.4&#8243; _module_preset=&#8221;default&#8221; global_colors_info=&#8221;{}&#8221;][et_pb_image src=&#8221;https:\/\/fragrans.pl\/wp-content\/uploads\/2025\/06\/fc-1.png&#8221; title_text=&#8221;fc-1&#8243; _builder_version=&#8221;4.27.4&#8243; _module_preset=&#8221;default&#8221; global_colors_info=&#8221;{}&#8221;][\/et_pb_image][et_pb_heading title=&#8221;FreshCar Classic&#8221; module_class=&#8221;main-title&#8221; _builder_version=&#8221;4.27.4&#8243; _module_preset=&#8221;default&#8221; title_text_align=&#8221;left&#8221; global_colors_info=&#8221;{}&#8221;][\/et_pb_heading][et_pb_text _builder_version=&#8221;4.27.4&#8243; _module_preset=&#8221;default&#8221; text_orientation=&#8221;justified&#8221; animation_direction=&#8221;left&#8221; global_colors_info=&#8221;{}&#8221;]FreshCar Classic jest zawieszk\u0105 o ponadstandardowej jako\u015bci, wykonan\u0105 ze specjalnej, wysokoch\u0142onnej geow\u0142\u00f3kniny w unikalnym kszta\u0142cie. Nasze zawieszki oferujemy obecnie w 26 atrakcyjnych zapachach, w tym 11 wyj\u0105tkowych aromat\u00f3w perfumowanych oraz 4 zapachy edycji limitowanej. Nasze zawieszki wybierane s\u0105 nie tylko do samochodu, ale r\u00f3wnie\u017c do domu i biura.[\/et_pb_text][\/et_pb_column][et_pb_column type=&#8221;1_2&#8243; _builder_version=&#8221;4.27.4&#8243; _module_preset=&#8221;default&#8221; global_colors_info=&#8221;{}&#8221;][et_pb_image src=&#8221;https:\/\/fragrans.pl\/wp-content\/uploads\/2025\/06\/fc-2.png&#8221; title_text=&#8221;fc-2&#8243; _builder_version=&#8221;4.27.4&#8243; _module_preset=&#8221;default&#8221; global_colors_info=&#8221;{}&#8221;][\/et_pb_image][\/et_pb_column][\/et_pb_row][\/et_pb_section][et_pb_section fb_built=&#8221;1&#8243; _builder_version=&#8221;4.27.4&#8243; _module_preset=&#8221;default&#8221; background_enable_color=&#8221;off&#8221; custom_margin=&#8221;0px||||false|false&#8221; custom_padding=&#8221;0px||||false|false&#8221; global_colors_info=&#8221;{}&#8221;][et_pb_row _builder_version=&#8221;4.27.4&#8243; _module_preset=&#8221;default&#8221; width=&#8221;100%&#8221; custom_margin=&#8221;0px||||false|false&#8221; custom_padding=&#8221;0px||||false|false&#8221; global_colors_info=&#8221;{}&#8221;][et_pb_column type=&#8221;4_4&#8243; _builder_version=&#8221;4.27.4&#8243; _module_preset=&#8221;default&#8221; global_colors_info=&#8221;{}&#8221;][et_pb_logo_slider gallery_ids=&#8221;1338,1361,1360,1359,1358,1357,1356,1355,1354,1353,1352,1351,1350,1349,1348,1347,1346,1345,1344,1343,1342,1341,1340,1339&#8243; slider_speed=&#8221;10&#8243; logo_max_width=&#8221;300&#8243; logo_height=&#8221;300&#8243; _builder_version=&#8221;4.27.4&#8243; _module_preset=&#8221;default&#8221; global_colors_info=&#8221;{}&#8221;][\/et_pb_logo_slider][\/et_pb_column][\/et_pb_row][\/et_pb_section][et_pb_section fb_built=&#8221;1&#8243; _builder_version=&#8221;4.27.4&#8243; _module_preset=&#8221;default&#8221; background_enable_color=&#8221;off&#8221; custom_margin=&#8221;0px||||false|false&#8221; custom_padding=&#8221;0px||||false|false&#8221; global_colors_info=&#8221;{}&#8221;][et_pb_row _builder_version=&#8221;4.27.4&#8243; _module_preset=&#8221;default&#8221; width=&#8221;90%&#8221; max_width=&#8221;1220px&#8221; custom_margin=&#8221;0px||||false|false&#8221; custom_padding=&#8221;0px||||false|false&#8221; global_colors_info=&#8221;{}&#8221;][et_pb_column type=&#8221;4_4&#8243; _builder_version=&#8221;4.27.4&#8243; _module_preset=&#8221;default&#8221; global_colors_info=&#8221;{}&#8221;][et_pb_code _builder_version=&#8221;4.27.4&#8243; _module_preset=&#8221;default&#8221; global_colors_info=&#8221;{}&#8221;]<\/p>\n<div style=\"position: relative; width: 100%; height: 0; padding-bottom: 56.25%;\"><!-- [et_pb_line_break_holder] --><iframe style=\"position: absolute; top: 0; left: 0; width: 100%; height: 100%;\" src=\"https:\/\/www.youtube.com\/embed\/oCqUJT_tkfg\" title=\"YouTube video player\" frameborder=\"0\" allow=\"accelerometer; autoplay; clipboard-write; encrypted-media; gyroscope; picture-in-picture; web-share\" allowfullscreen><\/iframe><!-- [et_pb_line_break_holder] --><\/div>\n<p><!-- [et_pb_line_break_holder] -->[\/et_pb_code][\/et_pb_column][\/et_pb_row][\/et_pb_section][et_pb_section fb_built=&#8221;1&#8243; _builder_version=&#8221;4.27.4&#8243; _module_preset=&#8221;default&#8221; background_enable_color=&#8221;off&#8221; custom_margin=&#8221;0px||||false|false&#8221; custom_padding=&#8221;0px||||false|false&#8221; global_colors_info=&#8221;{}&#8221;][et_pb_row column_structure=&#8221;1_2,1_2&#8243; _builder_version=&#8221;4.27.4&#8243; _module_preset=&#8221;default&#8221; width=&#8221;90%&#8221; max_width=&#8221;1220px&#8221; custom_margin=&#8221;0px||||false|false&#8221; custom_padding=&#8221;0px||||false|false&#8221; global_colors_info=&#8221;{}&#8221;][et_pb_column type=&#8221;1_2&#8243; _builder_version=&#8221;4.27.4&#8243; _module_preset=&#8221;default&#8221; global_colors_info=&#8221;{}&#8221;][et_pb_image src=&#8221;https:\/\/fragrans.pl\/wp-content\/uploads\/2025\/07\/Untitled-design-5-e1753015245884-1.png&#8221; title_text=&#8221;Untitled-design-5-e1753015245884&#8243; _builder_version=&#8221;4.27.4&#8243; _module_preset=&#8221;default&#8221; custom_margin=&#8221;30px||||false|false&#8221; global_colors_info=&#8221;{}&#8221;][\/et_pb_image][\/et_pb_column][et_pb_column type=&#8221;1_2&#8243; _builder_version=&#8221;4.27.4&#8243; _module_preset=&#8221;default&#8221; global_colors_info=&#8221;{}&#8221;][et_pb_heading title=&#8221;FreshCar FUN SERIE&#8221; admin_label=&#8221;Nag\u0142\u00f3wek&#8221; module_class=&#8221;main-title&#8221; _builder_version=&#8221;4.27.4&#8243; _module_preset=&#8221;default&#8221; title_text_align=&#8221;left&#8221; global_colors_info=&#8221;{}&#8221;][\/et_pb_heading][et_pb_text _builder_version=&#8221;4.27.4&#8243; _module_preset=&#8221;default&#8221; text_orientation=&#8221;justified&#8221; animation_direction=&#8221;left&#8221; global_colors_info=&#8221;{}&#8221;]<\/p>\n<p>FreshCar FUN to serie zapachowe PSY i KOTY dost\u0119pne w najlepiej sprzedaj\u0105cych si\u0119 zapachach (Zielona herbata, New Car, Bergamotka i Wanilia) oraz seria OWOCE (pomara\u0144cza, cytryna, jab\u0142ko, truskawka) w wyj\u0105tkowym kszta\u0142cie, kt\u00f3ry b\u0119dzie dodatkow\u0105 dekoracj\u0105 w samochodzie.\u00a0<\/p>\n<p>[\/et_pb_text][\/et_pb_column][\/et_pb_row][\/et_pb_section][et_pb_section fb_built=&#8221;1&#8243; _builder_version=&#8221;4.27.4&#8243; _module_preset=&#8221;default&#8221; background_enable_color=&#8221;off&#8221; custom_margin=&#8221;0px||||false|false&#8221; custom_padding=&#8221;0px||||false|false&#8221; global_colors_info=&#8221;{}&#8221;][et_pb_row _builder_version=&#8221;4.27.4&#8243; _module_preset=&#8221;default&#8221; width=&#8221;100%&#8221; custom_margin=&#8221;0px||||false|false&#8221; custom_padding=&#8221;0px||||false|false&#8221; global_colors_info=&#8221;{}&#8221;][et_pb_column type=&#8221;4_4&#8243; _builder_version=&#8221;4.27.4&#8243; _module_preset=&#8221;default&#8221; global_colors_info=&#8221;{}&#8221;][et_pb_logo_slider gallery_ids=&#8221;1366,1367,1368,1369,1371,1372,1373,1375,1376,1377,1378,1379&#8243; slider_speed=&#8221;10&#8243; logo_max_width=&#8221;300&#8243; logo_height=&#8221;300&#8243; _builder_version=&#8221;4.27.4&#8243; _module_preset=&#8221;default&#8221; global_colors_info=&#8221;{}&#8221;][\/et_pb_logo_slider][\/et_pb_column][\/et_pb_row][\/et_pb_section][et_pb_section fb_built=&#8221;1&#8243; _builder_version=&#8221;4.27.4&#8243; _module_preset=&#8221;default&#8221; background_enable_color=&#8221;off&#8221; custom_margin=&#8221;0px||||false|false&#8221; custom_padding=&#8221;0px||||false|false&#8221; global_colors_info=&#8221;{}&#8221;][et_pb_row column_structure=&#8221;1_2,1_2&#8243; _builder_version=&#8221;4.27.4&#8243; _module_preset=&#8221;default&#8221; width=&#8221;90%&#8221; max_width=&#8221;1220px&#8221; custom_margin=&#8221;0px||||false|false&#8221; custom_padding=&#8221;0px||||false|false&#8221; global_colors_info=&#8221;{}&#8221;][et_pb_column type=&#8221;1_2&#8243; _builder_version=&#8221;4.27.4&#8243; _module_preset=&#8221;default&#8221; global_colors_info=&#8221;{}&#8221;][et_pb_heading title=&#8221;Ekspozycja&#8221; module_class=&#8221;main-title&#8221; _builder_version=&#8221;4.27.4&#8243; _module_preset=&#8221;default&#8221; title_text_align=&#8221;left&#8221; global_colors_info=&#8221;{}&#8221;][\/et_pb_heading][et_pb_text _builder_version=&#8221;4.27.4&#8243; _module_preset=&#8221;default&#8221; text_orientation=&#8221;justified&#8221; animation_direction=&#8221;left&#8221; global_colors_info=&#8221;{}&#8221;]<\/p>\n<p>Ta\u015bmy sprzeda\u017cowe na zawieszki FreshCar Classic i woreczki FreshCar Pearls (12 hak\u00f3w, 1 hak mie\u015bci 2 woreczki lub od 2 do 4 zawieszek)<\/p>\n<p>Pude\u0142ko mini na lad\u0119 \u2013 bia\u0142e pude\u0142ko z klapk\u0105 lub czarne zadrukowane do ekspozycji na 16 woreczk\u00f3w FreshCar Pearls lub 30 zawieszek FreshCar Classic.<\/p>\n<p>Ekspozytor na lad\u0119\/p\u00f3\u0142k\u0119 na 80 zawieszek FreshCar Classic (miejsce na 16 zapach\u00f3w).<\/p>\n<p>Ekspozytor 240 \u2013 dedykowany do woreczk\u00f3w i zawieszek, miejsce na 16 produkt\u00f3w \/ zapach\u00f3w, w przypadku samych zawieszek FreshCar Classic mie\u015bci 240 sztuk.<\/p>\n<p>Metalowy Ekspozytor \u2013 30 miejsc ekspozycyjnych pozwala na wyb\u00f3r z szerokiej gamy zapach\u00f3w spo\u015br\u00f3d: 26 zapach\u00f3w FreshCar Classic i 8 zapach\u00f3w FreshCar Pearls.<\/p>\n<p>[\/et_pb_text][\/et_pb_column][et_pb_column type=&#8221;1_2&#8243; _builder_version=&#8221;4.27.4&#8243; _module_preset=&#8221;default&#8221; global_colors_info=&#8221;{}&#8221;][et_pb_image src=&#8221;https:\/\/fragrans.pl\/wp-content\/uploads\/2025\/06\/fc-5.png&#8221; title_text=&#8221;fc-5&#8243; _builder_version=&#8221;4.27.4&#8243; _module_preset=&#8221;default&#8221; global_colors_info=&#8221;{}&#8221;][\/et_pb_image][\/et_pb_column][\/et_pb_row][\/et_pb_section][et_pb_section fb_built=&#8221;1&#8243; _builder_version=&#8221;4.27.4&#8243; _module_preset=&#8221;default&#8221; background_enable_color=&#8221;off&#8221; custom_margin=&#8221;0px||||false|false&#8221; custom_padding=&#8221;0px||||false|false&#8221; global_colors_info=&#8221;{}&#8221;][et_pb_row _builder_version=&#8221;4.27.4&#8243; _module_preset=&#8221;default&#8221; width=&#8221;100%&#8221; custom_margin=&#8221;0px||||false|false&#8221; custom_padding=&#8221;0px||||false|false&#8221; global_colors_info=&#8221;{}&#8221;][et_pb_column type=&#8221;4_4&#8243; _builder_version=&#8221;4.27.4&#8243; _module_preset=&#8221;default&#8221; global_colors_info=&#8221;{}&#8221;][et_pb_logo_slider gallery_ids=&#8221;523,1381,1409,1410,1411&#8243; slider_speed=&#8221;10&#8243; logo_max_width=&#8221;300&#8243; logo_height=&#8221;300&#8243; _builder_version=&#8221;4.27.4&#8243; _module_preset=&#8221;default&#8221; global_colors_info=&#8221;{}&#8221;][\/et_pb_logo_slider][\/et_pb_column][\/et_pb_row][\/et_pb_section]<\/p>\n","protected":false},"excerpt":{"rendered":"<p>FreshCar Classic jest zawieszk\u0105 o ponadstandardowej jako\u015bci, wykonan\u0105 ze specjalnej, wysokoch\u0142onnej geow\u0142\u00f3kniny w unikalnym kszta\u0142cie. Nasze zawieszki oferujemy obecnie w 26 atrakcyjnych zapachach, w tym 11 wyj\u0105tkowych aromat\u00f3w perfumowanych oraz 4 zapachy edycji limitowanej. Nasze zawieszki wybierane s\u0105 nie tylko do samochodu, ale r\u00f3wnie\u017c do domu i biura.FreshCar FUN to serie zapachowe PSY i KOTY [&hellip;]<\/p>\n","protected":false},"author":1,"featured_media":0,"parent":0,"menu_order":0,"comment_status":"closed","ping_status":"closed","template":"","meta":{"_acf_changed":false,"_et_pb_use_builder":"on","_et_pb_old_content":"<!-- wp:divi\/placeholder \/-->","_et_gb_content_width":"","inline_featured_image":false,"footnotes":""},"class_list":["post-507","page","type-page","status-publish","hentry"],"acf":[],"yoast_head":"<!-- This site is optimized with the Yoast SEO plugin v27.4 - https:\/\/yoast.com\/product\/yoast-seo-wordpress\/ -->\n<title>FreshCar - Zapachy do Samochodu | Zawieszki Zapachowe od FRAGRANS<\/title>\n<meta name=\"description\" content=\"FreshCar to nasza linia zawieszek zapachowych, kt\u00f3re wype\u0142ni\u0105 Tw\u00f3j samoch\u00f3d \u015bwie\u017cym zapachem. Wybierz spo\u015br\u00f3d popularnych zapach\u00f3w jak new car, mango, cytryna czy guma balonowa.\" \/>\n<meta name=\"robots\" content=\"index, follow, max-snippet:-1, max-image-preview:large, max-video-preview:-1\" \/>\n<link rel=\"canonical\" href=\"https:\/\/fragrans.pl\/lv\/fresh-car\/\" \/>\n<meta property=\"og:locale\" content=\"lv_LV\" \/>\n<meta property=\"og:type\" content=\"article\" \/>\n<meta property=\"og:title\" content=\"FreshCar - Zapachy do Samochodu | Zawieszki Zapachowe od FRAGRANS\" \/>\n<meta property=\"og:description\" content=\"FreshCar to nasza linia zawieszek zapachowych, kt\u00f3re wype\u0142ni\u0105 Tw\u00f3j samoch\u00f3d \u015bwie\u017cym zapachem. Wybierz spo\u015br\u00f3d popularnych zapach\u00f3w jak new car, mango, cytryna czy guma balonowa.\" \/>\n<meta property=\"og:url\" content=\"https:\/\/fragrans.pl\/lv\/fresh-car\/\" \/>\n<meta property=\"og:site_name\" content=\"Fragrans\" \/>\n<meta property=\"article:modified_time\" content=\"2025-07-31T13:37:30+00:00\" \/>\n<meta name=\"twitter:card\" content=\"summary_large_image\" \/>\n<meta name=\"twitter:label1\" content=\"Est. reading time\" \/>\n\t<meta name=\"twitter:data1\" content=\"27 min\u016btes\" \/>\n<script type=\"application\/ld+json\" class=\"yoast-schema-graph\">{\"@context\":\"https:\\\/\\\/schema.org\",\"@graph\":[{\"@type\":\"WebPage\",\"@id\":\"https:\\\/\\\/fragrans.pl\\\/fresh-car\\\/\",\"url\":\"https:\\\/\\\/fragrans.pl\\\/fresh-car\\\/\",\"name\":\"FreshCar - Zapachy do Samochodu | Zawieszki Zapachowe od FRAGRANS\",\"isPartOf\":{\"@id\":\"https:\\\/\\\/fragrans.pl\\\/#website\"},\"datePublished\":\"2025-06-21T15:05:37+00:00\",\"dateModified\":\"2025-07-31T13:37:30+00:00\",\"description\":\"FreshCar to nasza linia zawieszek zapachowych, kt\u00f3re wype\u0142ni\u0105 Tw\u00f3j samoch\u00f3d \u015bwie\u017cym zapachem. Wybierz spo\u015br\u00f3d popularnych zapach\u00f3w jak new car, mango, cytryna czy guma balonowa.\",\"breadcrumb\":{\"@id\":\"https:\\\/\\\/fragrans.pl\\\/fresh-car\\\/#breadcrumb\"},\"inLanguage\":\"lv-LV\",\"potentialAction\":[{\"@type\":\"ReadAction\",\"target\":[\"https:\\\/\\\/fragrans.pl\\\/fresh-car\\\/\"]}]},{\"@type\":\"BreadcrumbList\",\"@id\":\"https:\\\/\\\/fragrans.pl\\\/fresh-car\\\/#breadcrumb\",\"itemListElement\":[{\"@type\":\"ListItem\",\"position\":1,\"name\":\"Strona g\u0142\u00f3wna\",\"item\":\"https:\\\/\\\/fragrans.pl\\\/\"},{\"@type\":\"ListItem\",\"position\":2,\"name\":\"Fresh car\"}]},{\"@type\":\"WebSite\",\"@id\":\"https:\\\/\\\/fragrans.pl\\\/#website\",\"url\":\"https:\\\/\\\/fragrans.pl\\\/\",\"name\":\"Fragrans\",\"description\":\"\",\"potentialAction\":[{\"@type\":\"SearchAction\",\"target\":{\"@type\":\"EntryPoint\",\"urlTemplate\":\"https:\\\/\\\/fragrans.pl\\\/?s={search_term_string}\"},\"query-input\":{\"@type\":\"PropertyValueSpecification\",\"valueRequired\":true,\"valueName\":\"search_term_string\"}}],\"inLanguage\":\"lv-LV\"}]}<\/script>\n<!-- \/ Yoast SEO plugin. -->","yoast_head_json":{"title":"FreshCar - Zapachy do Samochodu | Zawieszki Zapachowe od FRAGRANS","description":"FreshCar to nasza linia zawieszek zapachowych, kt\u00f3re wype\u0142ni\u0105 Tw\u00f3j samoch\u00f3d \u015bwie\u017cym zapachem. Wybierz spo\u015br\u00f3d popularnych zapach\u00f3w jak new car, mango, cytryna czy guma balonowa.","robots":{"index":"index","follow":"follow","max-snippet":"max-snippet:-1","max-image-preview":"max-image-preview:large","max-video-preview":"max-video-preview:-1"},"canonical":"https:\/\/fragrans.pl\/lv\/fresh-car\/","og_locale":"lv_LV","og_type":"article","og_title":"FreshCar - Zapachy do Samochodu | Zawieszki Zapachowe od FRAGRANS","og_description":"FreshCar to nasza linia zawieszek zapachowych, kt\u00f3re wype\u0142ni\u0105 Tw\u00f3j samoch\u00f3d \u015bwie\u017cym zapachem. Wybierz spo\u015br\u00f3d popularnych zapach\u00f3w jak new car, mango, cytryna czy guma balonowa.","og_url":"https:\/\/fragrans.pl\/lv\/fresh-car\/","og_site_name":"Fragrans","article_modified_time":"2025-07-31T13:37:30+00:00","twitter_card":"summary_large_image","twitter_misc":{"Est. reading time":"27 min\u016btes"},"schema":{"@context":"https:\/\/schema.org","@graph":[{"@type":"WebPage","@id":"https:\/\/fragrans.pl\/fresh-car\/","url":"https:\/\/fragrans.pl\/fresh-car\/","name":"FreshCar - Zapachy do Samochodu | Zawieszki Zapachowe od FRAGRANS","isPartOf":{"@id":"https:\/\/fragrans.pl\/#website"},"datePublished":"2025-06-21T15:05:37+00:00","dateModified":"2025-07-31T13:37:30+00:00","description":"FreshCar to nasza linia zawieszek zapachowych, kt\u00f3re wype\u0142ni\u0105 Tw\u00f3j samoch\u00f3d \u015bwie\u017cym zapachem. Wybierz spo\u015br\u00f3d popularnych zapach\u00f3w jak new car, mango, cytryna czy guma balonowa.","breadcrumb":{"@id":"https:\/\/fragrans.pl\/fresh-car\/#breadcrumb"},"inLanguage":"lv-LV","potentialAction":[{"@type":"ReadAction","target":["https:\/\/fragrans.pl\/fresh-car\/"]}]},{"@type":"BreadcrumbList","@id":"https:\/\/fragrans.pl\/fresh-car\/#breadcrumb","itemListElement":[{"@type":"ListItem","position":1,"name":"Strona g\u0142\u00f3wna","item":"https:\/\/fragrans.pl\/"},{"@type":"ListItem","position":2,"name":"Fresh car"}]},{"@type":"WebSite","@id":"https:\/\/fragrans.pl\/#website","url":"https:\/\/fragrans.pl\/","name":"Fragrans","description":"","potentialAction":[{"@type":"SearchAction","target":{"@type":"EntryPoint","urlTemplate":"https:\/\/fragrans.pl\/?s={search_term_string}"},"query-input":{"@type":"PropertyValueSpecification","valueRequired":true,"valueName":"search_term_string"}}],"inLanguage":"lv-LV"}]}},"_links":{"self":[{"href":"https:\/\/fragrans.pl\/lv\/wp-json\/wp\/v2\/pages\/507","targetHints":{"allow":["GET"]}}],"collection":[{"href":"https:\/\/fragrans.pl\/lv\/wp-json\/wp\/v2\/pages"}],"about":[{"href":"https:\/\/fragrans.pl\/lv\/wp-json\/wp\/v2\/types\/page"}],"author":[{"embeddable":true,"href":"https:\/\/fragrans.pl\/lv\/wp-json\/wp\/v2\/users\/1"}],"replies":[{"embeddable":true,"href":"https:\/\/fragrans.pl\/lv\/wp-json\/wp\/v2\/comments?post=507"}],"version-history":[{"count":42,"href":"https:\/\/fragrans.pl\/lv\/wp-json\/wp\/v2\/pages\/507\/revisions"}],"predecessor-version":[{"id":1954,"href":"https:\/\/fragrans.pl\/lv\/wp-json\/wp\/v2\/pages\/507\/revisions\/1954"}],"wp:attachment":[{"href":"https:\/\/fragrans.pl\/lv\/wp-json\/wp\/v2\/media?parent=507"}],"curies":[{"name":"wp","href":"https:\/\/api.w.org\/{rel}","templated":true}]}}