{"id":1205,"date":"2025-07-06T15:55:14","date_gmt":"2025-07-06T13:55:14","guid":{"rendered":"https:\/\/fragrans.pl\/?page_id=1205"},"modified":"2025-08-12T16:17:03","modified_gmt":"2025-08-12T14:17:03","slug":"warunki-wspolpracy","status":"publish","type":"page","link":"https:\/\/fragrans.pl\/pt\/warunki-wspolpracy\/","title":{"rendered":"Termos e condi\u00e7\u00f5es da coopera\u00e7\u00e3o"},"content":{"rendered":"<p>[et_pb_section fb_built=&#8221;1&#8243; admin_label=&#8221;Baner&#8221; module_class=&#8221;counters&#8221; _builder_version=&#8221;4.27.4&#8243; _module_preset=&#8221;default&#8221; background_enable_image=&#8221;off&#8221; min_height_last_edited=&#8221;off|desktop&#8221; custom_css_free_form=&#8221;selector {||display: flex;||flex-direction: column;||justify-content: center;||}&#8221; global_colors_info=&#8221;{}&#8221;][et_pb_row custom_padding_last_edited=&#8221;off|desktop&#8221; _builder_version=&#8221;4.27.4&#8243; _module_preset=&#8221;default&#8221; custom_margin=&#8221;||||false|false&#8221; custom_margin_tablet=&#8221;100px||100px||false|false&#8221; custom_margin_phone=&#8221;||||false|false&#8221; custom_margin_last_edited=&#8221;off|desktop&#8221; custom_padding=&#8221;||||false|false&#8221; custom_padding_tablet=&#8221;100px||100px||false|false&#8221; custom_padding_phone=&#8221;||||false|false&#8221; global_colors_info=&#8221;{}&#8221;][et_pb_column type=&#8221;4_4&#8243; _builder_version=&#8221;4.27.4&#8243; _module_preset=&#8221;default&#8221; global_colors_info=&#8221;{}&#8221;][et_pb_heading title=&#8221;Warunki wsp\u00f3\u0142pracy&#8221; module_class=&#8221;main-title&#8221; _builder_version=&#8221;4.27.4&#8243; _module_preset=&#8221;default&#8221; title_text_align=&#8221;left&#8221; global_colors_info=&#8221;{}&#8221;][\/et_pb_heading][et_pb_text _builder_version=&#8221;4.27.4&#8243; _module_preset=&#8221;default&#8221; animation_direction=&#8221;left&#8221; global_colors_info=&#8221;{}&#8221;]<\/p>\n<ol>\n<li><strong>Sk\u0142adanie zam\u00f3wie\u0144 i\u00a0wycena<\/strong>\n<ol>\n<li>Wycen\u0119 przygotowuj\u0105 opiekunowie handlowi, prosimy o kontakt z odpowiednim dla wojew\u00f3dztwa opiekunem lub z opiekunem marki FreshCar, w dziale kontakt znajd\u0105 Pa\u0144stwo spis wojew\u00f3dztw, kontakt telefoniczny i mailowy, wraz z ofert\u0105 klient otrzymuje szczeg\u00f3\u0142owy regulamin, niniejsze og\u00f3lne warunki s\u0105 jedynie wyci\u0105giem z regulaminu. <a href=\"https:\/\/fragrans.pl\/kontakt\">KONTAKT<\/a><\/li>\n<li>Sk\u0142adaj\u0105c zam\u00f3wienie klient jednocze\u015bnie akceptuje regulamin w\u00a0jego pe\u0142nej wersji dlatego prosimy o\u00a0zapoznawanie si\u0119 dok\u0142adne ze wszystkimi przesy\u0142anymi przez opiekuna handlowego za\u0142\u0105cznikami.<\/li>\n<li>Maksymalny wymiar standardowej zawieszki z grafik\u0105 Klienta wynosi: 94&#215;69 mm, powy\u017cej tego wymiaru zawieszki podlegaj\u0105 indywidualnej wycenie w zale\u017cno\u015bci od wielko\u015bci projektu po przedstawieniu projektu.<\/li>\n<li>Minimalna ilo\u015b\u0107 zam\u00f3wienia z\u00a0grafik\u0105 w\u0142asn\u0105 Klienta wynosi 100 sztuk, dopuszczany nak\u0142ad zam\u00f3wienia jest wielokrotno\u015bci\u0105 100 sztuk, ilo\u015b\u0107 ta dotyczy r\u00f3wnie\u017c minimalnej ilo\u015bci i\u00a0wielokrotno\u015bci dla ilo\u015bci kompozycji zapachowych i\u00a0projekt\u00f3w w\u00a0ramach 1 zam\u00f3wienia.<\/li>\n<li>Dodatkowe informacje dotycz\u0105ce zam\u00f3wienia produkt\u00f3w marki FreshCar znajd\u0105 Pa\u0144stwo\u00a0<a href=\"https:\/\/web.archive.org\/web\/20201202224851\/https:\/\/fragrans.pl\/fresh-car\"><strong>TUTAJ<\/strong><\/a>\u00a0lub kontaktuj\u0105c si\u0119 bezpo\u015brednio na adres:\u00a0<a href=\"https:\/\/web.archive.org\/web\/20201202224851\/mailto:export@fragrans.pl\">export@fragrans.pl<\/a>.<\/li>\n<li>Od momentu z\u0142o\u017cenia zam\u00f3wienia, Klient automatycznie wyra\u017ca zgod\u0119 na przetwarzanie danych osobowych przez firm\u0119 FRAGRANS z\u00a0siedzib\u0105 w\u00a0\u0141odzi przy ul. Du\u0144ska 1B na potrzeby realizacji zam\u00f3wienia.<\/li>\n<\/ol>\n<\/li>\n<\/ol>\n<ol start=\"2\">\n<li><strong>Wykrojniki<\/strong>\n<ol>\n<li>Zach\u0119camy do skorzystania z naszej bazy gotowych wykrojnik\u00f3w. Obecnie w bazie mamy ponad 2500 kszta\u0142t\u00f3w, w tym tak\u017ce r\u00f3\u017cne wykrojniki blistr\u00f3w, kt\u00f3rych dob\u00f3r prosimy uzgadnia\u0107 z dzia\u0142em handlowym. <a href=\"\/wykrojniki\">Poznaj nasze wykrojniki<\/a><\/li>\n<li>Dla klienta mo\u017cemy przygotowa\u0107 prawie ka\u017cdy kszta\u0142t zawieszki (z wyj\u0105tkiem zastrze\u017conego kszta\u0142tu choinki i\u00a0zawieszek z\u00a0bardzo w\u0105skimi elementami, kt\u00f3re mog\u0142yby ulec z\u0142amaniu lub przerwaniu w\u00a0procesie produkcji) czy blistra.<\/li>\n<li>Istnieje mo\u017cliwo\u015b\u0107 wykonania wykrojnika na wy\u0142\u0105czno\u015b\u0107, kt\u00f3ry odsy\u0142amy do klienta wraz z\u00a0zam\u00f3wieniem.<\/li>\n<\/ol>\n<\/li>\n<\/ol>\n<ol start=\"3\">\n<li><strong>Przygotowanie i\u00a0akceptacja projektu<\/strong>\n<ol>\n<li><strong>Wszelkie szczeg\u00f3\u0142owe informacje dotycz\u0105ce druku zawarte s\u0105 w\u00a0pliku \u201c<a href=\"https:\/\/fragrans.pl\/wp-content\/uploads\/2025\/08\/SPECYFIKACJA-Przygotowania-do-druku.pdf\">Specyfikacja przygotowania plik\u00f3w<\/a>\u201d, kt\u00f3ry przesy\u0142a opiekun handlowy przy pierwszym zapytaniu ofertowym.<\/strong><\/li>\n<li><strong>Nie bierzemy odpowiedzialno\u015bci za pliki przygotowane niezgodnie z\u00a0w\/w specyfikacj\u0105.<\/strong><\/li>\n<li>Pliki powinny by\u0107 przygotowane w\u00a0trybie CMYK (8 bit na kana\u0142).\u00a0<strong>W przypadku dostarczenia plik\u00f3w w\u00a0kolorystyce RGB lub PANTONE zostan\u0105 one automatycznie przekszta\u0142cone na kolorystk\u0119 CMYK<\/strong>, w\u00a0przypadku zdj\u0119\u0107 minimalna rozdzielczo\u015b\u0107 300 DPI, uczulamy r\u00f3wnie\u017c na zbyt ma\u0142\u0105 czcionk\u0119 i\u00a0inne znaki\/detale, kt\u00f3re mog\u0105 nie by\u0107 widoczne na wydruku.<\/li>\n<li>Prawo do u\u017cycia znak\u00f3w graficznych, towarowych, licencji i\u00a0innych element\u00f3w podlegaj\u0105cych ochronie prawnej w\u00a0ramach realizacji zam\u00f3wienia pozostaje po stronie Klienta, kt\u00f3ry ponosi pe\u0142n\u0105 odpowiedzialno\u015b\u0107 za wady prawne wynikaj\u0105ce z\u00a0tre\u015bci dostarczonych projekt\u00f3w, w\u00a0tym za wszelkie naruszenie praw autorskich i\u00a0innych praw os\u00f3b trzecich.<\/li>\n<\/ol>\n<\/li>\n<\/ol>\n<ol start=\"4\">\n<li><strong>Zam\u00f3wiony towar<\/strong>\n<ol>\n<li>Informujemy, \u017ce podczas realizacji mo\u017cliwe s\u0105 przesuni\u0119cia grafiki \u2013 tolerancja +\/- 1 mm.<\/li>\n<li>Nadruki po nas\u0105czeniu zapachem mog\u0105 nieznacznie odbiega\u0107 od kolorystyki przedstawionej na wizualizacji projektu.<\/li>\n<li>Klasycznym mocowaniem zawieszki jest gumka \u2013 w\u00a0ofercie 16 kolor\u00f3w do wyboru.<\/li>\n<li>Szacunkowy czas uwalniania si\u0119 zapachu przy w\u0142a\u015bciwym u\u017cytkowaniu zawieszki (zawieszki nie nale\u017cy wyjmowa\u0107 w\u00a0ca\u0142o\u015bci z\u00a0opakowania od pierwszego u\u017cycia, folii barierowej nale\u017cy pozbywa\u0107 si\u0119 stopniowo) wynosi od 3 do 14 dni i\u00a0zale\u017cy od temperatury i\u00a0wilgotno\u015bci powietrza, wybranej kompozycji, typu zawieszki oraz poziomu nas\u0105czenia (ml).<\/li>\n<li>Klient ma mo\u017cliwo\u015b\u0107 wykonania prototypu (kilku sztuk w\u00a0wybranym projekcie i\u00a0jednej kompozycji) \u2013 pakiet prototypowy oddaje jako\u015b\u0107 wykonania zlece\u0144 dla ko\u0144cowej realizacji maksymalnie 10 000 sztuk.<\/li>\n<li>Zawieszki pakujemy w\u00a0foli\u0119 z\u00a0ostrze\u017ceniem, je\u015bli Klient decyduje si\u0119 na foli\u0119 bez ostrze\u017cenia to zamawiaj\u0105cy zobowi\u0105zuje si\u0119 poinformowa\u0107 swoich klient\u00f3w o:\n<ol>\n<li>konieczno\u015bci unikania wszelkich kontakt\u00f3w zawieszki tworzywami sztucznymi i\u00a0z tapicerk\u0105,<\/li>\n<li>konieczno\u015bci ochrony przed dzie\u0107mi i\u00a0zwierz\u0119tami, oraz unikania kontaktu z\u00a0oczami.<\/li>\n<\/ol>\n<\/li>\n<li>Pakowanie zawieszek w\u00a0foli\u0119 barierow\u0105 bez ostrze\u017cenia wymaga pisemnego o\u015bwiadczenia Klienta (nie dotyczy zlece\u0144 zagranicznych oraz zlece\u0144 z\u00a0blistrem, na kt\u00f3rym znajdzie si\u0119 takie ostrze\u017cenie).<\/li>\n<\/ol>\n<\/li>\n<\/ol>\n<ol start=\"5\">\n<li><strong>Czas realizacji<\/strong>\n<ol>\n<li>Czas realizacji zam\u00f3wienia liczony b\u0119dzie od ostatecznego potwierdzenia parametr\u00f3w zam\u00f3wienia i\u00a0mo\u017ce on ulec zmianie wzgl\u0119dem terminu podanego przy pierwszym zapytaniu.<\/li>\n<li>Czas realizacji zam\u00f3wienia musi by\u0107 potwierdzony przy sk\u0142adaniu oraz przy potwierdzaniu realizacji zam\u00f3wienia, szacunkowo wynosi on:\n<ol>\n<li>Do 7 dni roboczych dla realizacji do 2 000 sztuk,<\/li>\n<li>Do 10 dni roboczych dla realizacji do 10 000 sztuk,<\/li>\n<li>Do 14 dni roboczych dla realizacji do 20 000 sztuk,<\/li>\n<li>Od 16 dni roboczych dla realizacji powy\u017cej 20 000 sztuk,<\/li>\n<li>Wi\u0119ksze nak\u0142ady i\u00a0wi\u0119ksze nas\u0105czenie (w postaci 2 lub 3 ml) w\u00a01 lub 2 zapachach mo\u017ce skutkowa\u0107 konieczno\u015bci\u0105 oczekiwania na kompozycj\u0119 zapachow\u0105, w\u00a0takiej sytuacji nale\u017cy doliczy\u0107 4 tygodnie do czasu realizacji,<\/li>\n<li>Zawieszka z\u00a0blistrem wyd\u0142u\u017ca czas realizacji o\u00a02 dni,<\/li>\n<li>Zawieszka w nowym kszta\u0142cie (spoza naszej bazy, kt\u00f3ra obecnie zawiera ponad 2500 gotowych bezp\u0142atnych wykrojnik\u00f3w) wyd\u0142u\u017ca czas realizacji o dodatkowe 3 dni oczekiwania na produkcj\u0119 nowego wykrojnika,<\/li>\n<\/ol>\n<\/li>\n<li>Dla produkt\u00f3w marki FreshCar termin realizacji potwierdzany jest przy zam\u00f3wieniu i\u00a0zale\u017cy od aktualnej dost\u0119pno\u015bci na magazynie, sposobu pakowania do ekspozycji towaru, ilo\u015bci i\u00a0ewentualnych dodatk\u00f3w jak np. etykiet w\u0142asnych dystrybutora koniecznych do naniesienia na ka\u017cdy produkt lub opakowanie zbiorcze.<\/li>\n<li>Zastrzegamy sobie mo\u017cliwo\u015b\u0107 podania d\u0142u\u017cszego terminu od powy\u017cszych w\u00a0sytuacji pe\u0142nego ob\u0142o\u017cenia linii produkcyjnej na najbli\u017csze 14 dni roboczych. Klient otrzymuje pierwszy wolny termin nie mniejszy ni\u017c niezb\u0119dny czas do wyprodukowania danego nak\u0142adu z\u00a0uwzgl\u0119dnieniem wszystkim r\u00f3wnolegle przyjmowanych zlece\u0144, co uniemo\u017cliwia rezerwacj\u0119 terminu. Termin jest potwierdzony dopiero po ostatecznym potwierdzeniu zam\u00f3wienia i\u00a0zaksi\u0119gowaniu zaliczki lub przedp\u0142aty.<\/li>\n<li>Firma Fragrans nie ponosi odpowiedzialno\u015bci za zdarzenia wynikaj\u0105ce z\u00a0sytuacji losowych, kt\u00f3re mog\u0105 wp\u0142yn\u0105\u0107 na ko\u0144cowy termin realizacji zam\u00f3wienia.<\/li>\n<\/ol>\n<\/li>\n<\/ol>\n<ol start=\"6\">\n<li><strong>Dostawa towaru<\/strong>\n<ol>\n<li>Paczki wysy\u0142ane s\u0105 kurierem wsp\u00f3\u0142pracuj\u0105cym z\u00a0firm\u0105 Fragrans za odpowiedni\u0105 op\u0142at\u0105 (uzale\u017cnion\u0105 od ilo\u015bci karton\u00f3w), mog\u0105 by\u0107 tak\u017ce odebrane kurierem Klienta czy osobi\u015bcie w\u00a0siedzibie firmy Fragrans w\u00a0\u0141odzi.<\/li>\n<li>W przypadku przygotowania towaru do wysy\u0142ki przed planowanym terminem informujemy klienta o\u00a0gotowo\u015bci towaru, wraz z\u00a0pro\u015bb\u0105 o\u00a0zgod\u0119 na wcze\u015bniejsz\u0105 dostaw\u0119. Nie wysy\u0142amy towaru wcze\u015bniej bez zgody klienta.<\/li>\n<li>W przypadku odbioru towaru przez Klienta w\u0142asnymi \u015brodkami transportu (w tym kurier w\u0142asny Klienta) wszelkie korzy\u015bci i\u00a0ci\u0119\u017cary w\u00a0tym mo\u017cliwo\u015b\u0107 utraty lub uszkodzenia towaru w\u00a0trakcie przesy\u0142ki przechodz\u0105 na Klienta w\u00a0momencie przekazania towaru.<\/li>\n<li>Firma FRAGRANS nie ponosi odpowiedzialno\u015bci, je\u015bli towar nie dotar\u0142 do klienta w\u00a0terminie z\u00a0przyczyn od niej niezale\u017cnych (np. strajk firmy kurierskiej).<\/li>\n<\/ol>\n<\/li>\n<\/ol>\n<ol start=\"7\">\n<li><strong>Reklamacje<\/strong>\n<ol>\n<li>Reklamacje przyjmujemy tylko w\u00a0formie pisemnej na adres mailowy handlowca obs\u0142uguj\u0105cego danego Klienta w\u00a0okresie do 30 dni od daty dostawy (je\u015bli reklamacja dotyczy projektu wraz ze zg\u0142oszeniem prosimy o\u00a0za\u0142\u0105czenie zdj\u0119cia).<\/li>\n<li>Reklamowany towar musi by\u0107 odes\u0142any do siedziby firmy Fragrans \u2013 prosimy o\u00a0odes\u0142anie wadliwych zawieszek lub ca\u0142ego zam\u00f3wienia.<\/li>\n<li>Je\u017celi dostawa odbywa si\u0119 za po\u015brednictwem kuriera to paczki powinny by\u0107 dok\u0142adnie sprawdzone przy kurierze.<\/li>\n<li>W przypadku dostarczenia przez kuriera uszkodzonych paczek klient ma obowi\u0105zek sporz\u0105dzenia protoko\u0142u szkody oraz sprawdzenia ilo\u015bci w\u00a0obecno\u015bci kuriera. W\u00a0przeciwnym wypadku reklamacje ilo\u015bciowe lub dotycz\u0105ce uszkodzenia towaru nie b\u0119d\u0105 uwzgl\u0119dniane.<\/li>\n<li>Ewentualne braki ilo\u015bciowe Klient powinien zg\u0142osi\u0107 w\u00a0ci\u0105gu 3 dni od daty dor\u0119czenia, po tym okresie czasu reklamacje ilo\u015bciowe nie b\u0119d\u0105 uwzgl\u0119dniane.<\/li>\n<\/ol>\n<\/li>\n<\/ol>\n<ol start=\"8\">\n<li><strong>Klauzula informacyjna dotycz\u0105ca Ochrony danych osobowych<\/strong>\n<ol>\n<li>Administratorem danych osobowych jest FRAGRANS Micha\u0142 Stolarczyk z\u00a0siedzib\u0105 w\u00a0\u0141odzi przy ul. Du\u0144skiej 1B.<\/li>\n<li>Dane osobowe (adresy e-mail, telefony do kontaktu i\u00a0dane niezb\u0119dne do wystawienia faktury) zbierane s\u0105 przez firm\u0119 wy\u0142\u0105cznie w\u00a0celu ich przetwarzania do realizacji zlecenia lub us\u0142ugi oraz do cel\u00f3w przekazywania informacji handlowych.<\/li>\n<li>Dane nie b\u0119d\u0105 udost\u0119pniane odbiorcom danych w\u00a0rozumieniu art. 7 pkt 6 ustawy o\u00a0ochronie danych osobowych.<\/li>\n<li>Osobie, kt\u00f3rej dane dotycz\u0105, przys\u0142uguje prawo dost\u0119pu do tre\u015bci jej danych oraz mo\u017cliwo\u015b\u0107 jej poprawienia. Przys\u0142uguje tak\u017ce sprzeciw do dalszego przetwarzania danych osobowych, kt\u00f3ry mo\u017cna zg\u0142osi\u0107 kontaktuj\u0105c si\u0119 z\u00a0odpowiednim opiekunem handlowym w\u00a0firmie.<\/li>\n<li>Dane s\u0105 podawane dobrowolnie (za po\u015brednictwem formularza na stronie, kontaktu telefonicznego lub mailowego z\u00a0pracownikiem firmy FRAGRANS), jednak bez ich podania nie jest mo\u017cliwe zrealizowanie zlecenia i\u00a0wsp\u00f3\u0142pracy z\u00a0firm\u0105.<\/li>\n<li>Otrzymywanie informacji handlowych jest dobrowolne i\u00a0bezterminowe.<\/li>\n<li>Mo\u017cemy r\u00f3wnie\u017c przetwarza\u0107 dane osobowe Klienta, bo jest to niezb\u0119dne do wykonania umowy zawartej z\u00a0Klientem w\u00a0zwi\u0105zku z\u00a0realizacj\u0105 zam\u00f3wienia lub us\u0142ugi, w\u00a0tym do:\n<ol>\n<li>umo\u017cliwienia przesy\u0142ania ofert handlowych oraz rozwi\u0105zywania wszelkich kwestii zwi\u0105zanych ze zleconymi pracami na adres mailowy podany do kontaktu,<\/li>\n<li>obs\u0142ugi pr\u00f3\u015bb, kt\u00f3re s\u0105 do nas kierowane (np. przez formularz kontaktowy); kontaktowania si\u0119 z\u00a0Klientami, w\u00a0tym w\u00a0celach zwi\u0105zanych ze \u015bwiadczeniem us\u0142ug.<\/li>\n<\/ol>\n<\/li>\n<li>Dodatkowo, przepisy prawa wymagaj\u0105 od nas przetwarzania danych Klient\u00f3w dla cel\u00f3w podatkowych i\u00a0rachunkowych.<\/li>\n<li>Przetwarzamy te\u017c dane osobowe Klient\u00f3w w\u00a0celach wskazanych poni\u017cej, na podstawie prawnie uzasadnionego interesu firmy FRAGRANS, kt\u00f3rym jest: ksi\u0119gowanie dokument\u00f3w handlowych; rozliczanie dokonywanych p\u0142atno\u015bci; obs\u0142uga pr\u00f3\u015bb przekazywanych w\u00a0szczeg\u00f3lno\u015bci handlowcom oraz przez formularz kontaktowy; windykacja nale\u017cno\u015bci; prowadzenie post\u0119powa\u0144 s\u0105dowych, arbitra\u017cowych i\u00a0mediacyjnych; prowadzenie analiz statystycznych; przechowywanie danych dla cel\u00f3w archiwalnych, oraz zapewnienie rozliczalno\u015bci (wykazania spe\u0142nienia przez nas obowi\u0105zk\u00f3w wynikaj\u0105cych z\u00a0przepis\u00f3w prawa).<\/li>\n<\/ol>\n<\/li>\n<\/ol>\n<ol start=\"9\">\n<li><strong>Postanowienia ko\u0144cowe<\/strong>\n<ol>\n<li>Firma FRAGRANS zastrzega sobie prawo do wprowadzania zmian w\u00a0niniejszym regulaminie.<\/li>\n<li>Zamawiaj\u0105cy wyra\u017ca zgod\u0119 na umieszczenie wzoru zawieszki w\u00a0portfolio producenta, je\u015bli si\u0119 na to nie zgadza prosimy o\u00a0zg\u0142oszenie przy sk\u0142adaniu zam\u00f3wienia.<\/li>\n<li>Niniejszy regulamin wchodzi w \u017cycie z dniem 1 sierpnia 2025 r.<\/li>\n<\/ol>\n<\/li>\n<\/ol>\n<p>[\/et_pb_text][\/et_pb_column][\/et_pb_row][\/et_pb_section]<\/p>\n","protected":false},"excerpt":{"rendered":"<p>Sk\u0142adanie zam\u00f3wie\u0144 i\u00a0wycena Wycen\u0119 przygotowuj\u0105 opiekunowie handlowi, prosimy o kontakt z odpowiednim dla wojew\u00f3dztwa opiekunem lub z opiekunem marki FreshCar, w dziale kontakt znajd\u0105 Pa\u0144stwo spis wojew\u00f3dztw, kontakt telefoniczny i mailowy, wraz z ofert\u0105 klient otrzymuje szczeg\u00f3\u0142owy regulamin, niniejsze og\u00f3lne warunki s\u0105 jedynie wyci\u0105giem z regulaminu. KONTAKT Sk\u0142adaj\u0105c zam\u00f3wienie klient jednocze\u015bnie akceptuje regulamin w\u00a0jego pe\u0142nej [&hellip;]<\/p>\n","protected":false},"author":1,"featured_media":0,"parent":0,"menu_order":0,"comment_status":"closed","ping_status":"closed","template":"","meta":{"_acf_changed":false,"_et_pb_use_builder":"on","_et_pb_old_content":"<!-- wp:divi\/placeholder \/-->","_et_gb_content_width":"","inline_featured_image":false,"footnotes":""},"class_list":["post-1205","page","type-page","status-publish","hentry"],"acf":[],"yoast_head":"<!-- This site is optimized with the Yoast SEO plugin v27.4 - https:\/\/yoast.com\/product\/yoast-seo-wordpress\/ -->\n<title>Warunki Wsp\u00f3\u0142pracy z FRAGRANS - Zawieszki Zapachowe do Samochod\u00f3w<\/title>\n<meta name=\"description\" content=\"Poznaj szczeg\u00f3\u0142y wsp\u00f3\u0142pracy z FRAGRANS. Oferujemy elastyczne warunki, szybkie realizacje i personalizacj\u0119 zawieszek zapachowych. Sprawd\u017a nasz\u0105 ofert\u0119 dla firm i partner\u00f3w.\" \/>\n<meta name=\"robots\" content=\"index, follow, max-snippet:-1, max-image-preview:large, max-video-preview:-1\" \/>\n<link rel=\"canonical\" href=\"https:\/\/fragrans.pl\/pt\/warunki-wspolpracy\/\" \/>\n<meta property=\"og:locale\" content=\"pt_PT\" \/>\n<meta property=\"og:type\" content=\"article\" \/>\n<meta property=\"og:title\" content=\"Warunki Wsp\u00f3\u0142pracy z FRAGRANS - Zawieszki Zapachowe do Samochod\u00f3w\" \/>\n<meta property=\"og:description\" content=\"Poznaj szczeg\u00f3\u0142y wsp\u00f3\u0142pracy z FRAGRANS. Oferujemy elastyczne warunki, szybkie realizacje i personalizacj\u0119 zawieszek zapachowych. Sprawd\u017a nasz\u0105 ofert\u0119 dla firm i partner\u00f3w.\" \/>\n<meta property=\"og:url\" content=\"https:\/\/fragrans.pl\/pt\/warunki-wspolpracy\/\" \/>\n<meta property=\"og:site_name\" content=\"Fragrans\" \/>\n<meta property=\"article:modified_time\" content=\"2025-08-12T14:17:03+00:00\" \/>\n<meta name=\"twitter:card\" content=\"summary_large_image\" \/>\n<meta name=\"twitter:label1\" content=\"Tempo estimado de leitura\" \/>\n\t<meta name=\"twitter:data1\" content=\"9 minutos\" \/>\n<script type=\"application\/ld+json\" class=\"yoast-schema-graph\">{\"@context\":\"https:\\\/\\\/schema.org\",\"@graph\":[{\"@type\":\"WebPage\",\"@id\":\"https:\\\/\\\/fragrans.pl\\\/warunki-wspolpracy\\\/\",\"url\":\"https:\\\/\\\/fragrans.pl\\\/warunki-wspolpracy\\\/\",\"name\":\"Warunki Wsp\u00f3\u0142pracy z FRAGRANS - Zawieszki Zapachowe do Samochod\u00f3w\",\"isPartOf\":{\"@id\":\"https:\\\/\\\/fragrans.pl\\\/#website\"},\"datePublished\":\"2025-07-06T13:55:14+00:00\",\"dateModified\":\"2025-08-12T14:17:03+00:00\",\"description\":\"Poznaj szczeg\u00f3\u0142y wsp\u00f3\u0142pracy z FRAGRANS. Oferujemy elastyczne warunki, szybkie realizacje i personalizacj\u0119 zawieszek zapachowych. Sprawd\u017a nasz\u0105 ofert\u0119 dla firm i partner\u00f3w.\",\"breadcrumb\":{\"@id\":\"https:\\\/\\\/fragrans.pl\\\/warunki-wspolpracy\\\/#breadcrumb\"},\"inLanguage\":\"pt-PT\",\"potentialAction\":[{\"@type\":\"ReadAction\",\"target\":[\"https:\\\/\\\/fragrans.pl\\\/warunki-wspolpracy\\\/\"]}]},{\"@type\":\"BreadcrumbList\",\"@id\":\"https:\\\/\\\/fragrans.pl\\\/warunki-wspolpracy\\\/#breadcrumb\",\"itemListElement\":[{\"@type\":\"ListItem\",\"position\":1,\"name\":\"Strona g\u0142\u00f3wna\",\"item\":\"https:\\\/\\\/fragrans.pl\\\/\"},{\"@type\":\"ListItem\",\"position\":2,\"name\":\"Warunki wsp\u00f3\u0142pracy\"}]},{\"@type\":\"WebSite\",\"@id\":\"https:\\\/\\\/fragrans.pl\\\/#website\",\"url\":\"https:\\\/\\\/fragrans.pl\\\/\",\"name\":\"Fragrans\",\"description\":\"\",\"potentialAction\":[{\"@type\":\"SearchAction\",\"target\":{\"@type\":\"EntryPoint\",\"urlTemplate\":\"https:\\\/\\\/fragrans.pl\\\/?s={search_term_string}\"},\"query-input\":{\"@type\":\"PropertyValueSpecification\",\"valueRequired\":true,\"valueName\":\"search_term_string\"}}],\"inLanguage\":\"pt-PT\"}]}<\/script>\n<!-- \/ Yoast SEO plugin. -->","yoast_head_json":{"title":"Warunki Wsp\u00f3\u0142pracy z FRAGRANS - Zawieszki Zapachowe do Samochod\u00f3w","description":"Poznaj szczeg\u00f3\u0142y wsp\u00f3\u0142pracy z FRAGRANS. Oferujemy elastyczne warunki, szybkie realizacje i personalizacj\u0119 zawieszek zapachowych. Sprawd\u017a nasz\u0105 ofert\u0119 dla firm i partner\u00f3w.","robots":{"index":"index","follow":"follow","max-snippet":"max-snippet:-1","max-image-preview":"max-image-preview:large","max-video-preview":"max-video-preview:-1"},"canonical":"https:\/\/fragrans.pl\/pt\/warunki-wspolpracy\/","og_locale":"pt_PT","og_type":"article","og_title":"Warunki Wsp\u00f3\u0142pracy z FRAGRANS - Zawieszki Zapachowe do Samochod\u00f3w","og_description":"Poznaj szczeg\u00f3\u0142y wsp\u00f3\u0142pracy z FRAGRANS. Oferujemy elastyczne warunki, szybkie realizacje i personalizacj\u0119 zawieszek zapachowych. Sprawd\u017a nasz\u0105 ofert\u0119 dla firm i partner\u00f3w.","og_url":"https:\/\/fragrans.pl\/pt\/warunki-wspolpracy\/","og_site_name":"Fragrans","article_modified_time":"2025-08-12T14:17:03+00:00","twitter_card":"summary_large_image","twitter_misc":{"Tempo estimado de leitura":"9 minutos"},"schema":{"@context":"https:\/\/schema.org","@graph":[{"@type":"WebPage","@id":"https:\/\/fragrans.pl\/warunki-wspolpracy\/","url":"https:\/\/fragrans.pl\/warunki-wspolpracy\/","name":"Warunki Wsp\u00f3\u0142pracy z FRAGRANS - Zawieszki Zapachowe do Samochod\u00f3w","isPartOf":{"@id":"https:\/\/fragrans.pl\/#website"},"datePublished":"2025-07-06T13:55:14+00:00","dateModified":"2025-08-12T14:17:03+00:00","description":"Poznaj szczeg\u00f3\u0142y wsp\u00f3\u0142pracy z FRAGRANS. Oferujemy elastyczne warunki, szybkie realizacje i personalizacj\u0119 zawieszek zapachowych. Sprawd\u017a nasz\u0105 ofert\u0119 dla firm i partner\u00f3w.","breadcrumb":{"@id":"https:\/\/fragrans.pl\/warunki-wspolpracy\/#breadcrumb"},"inLanguage":"pt-PT","potentialAction":[{"@type":"ReadAction","target":["https:\/\/fragrans.pl\/warunki-wspolpracy\/"]}]},{"@type":"BreadcrumbList","@id":"https:\/\/fragrans.pl\/warunki-wspolpracy\/#breadcrumb","itemListElement":[{"@type":"ListItem","position":1,"name":"Strona g\u0142\u00f3wna","item":"https:\/\/fragrans.pl\/"},{"@type":"ListItem","position":2,"name":"Warunki wsp\u00f3\u0142pracy"}]},{"@type":"WebSite","@id":"https:\/\/fragrans.pl\/#website","url":"https:\/\/fragrans.pl\/","name":"Fragr\u00e2ncias","description":"","potentialAction":[{"@type":"SearchAction","target":{"@type":"EntryPoint","urlTemplate":"https:\/\/fragrans.pl\/?s={search_term_string}"},"query-input":{"@type":"PropertyValueSpecification","valueRequired":true,"valueName":"search_term_string"}}],"inLanguage":"pt-PT"}]}},"_links":{"self":[{"href":"https:\/\/fragrans.pl\/pt\/wp-json\/wp\/v2\/pages\/1205","targetHints":{"allow":["GET"]}}],"collection":[{"href":"https:\/\/fragrans.pl\/pt\/wp-json\/wp\/v2\/pages"}],"about":[{"href":"https:\/\/fragrans.pl\/pt\/wp-json\/wp\/v2\/types\/page"}],"author":[{"embeddable":true,"href":"https:\/\/fragrans.pl\/pt\/wp-json\/wp\/v2\/users\/1"}],"replies":[{"embeddable":true,"href":"https:\/\/fragrans.pl\/pt\/wp-json\/wp\/v2\/comments?post=1205"}],"version-history":[{"count":10,"href":"https:\/\/fragrans.pl\/pt\/wp-json\/wp\/v2\/pages\/1205\/revisions"}],"predecessor-version":[{"id":2020,"href":"https:\/\/fragrans.pl\/pt\/wp-json\/wp\/v2\/pages\/1205\/revisions\/2020"}],"wp:attachment":[{"href":"https:\/\/fragrans.pl\/pt\/wp-json\/wp\/v2\/media?parent=1205"}],"curies":[{"name":"wp","href":"https:\/\/api.w.org\/{rel}","templated":true}]}}