{"id":420,"date":"2025-06-14T15:25:46","date_gmt":"2025-06-14T13:25:46","guid":{"rendered":"https:\/\/fragrans.pl\/?page_id=420"},"modified":"2025-08-24T22:03:55","modified_gmt":"2025-08-24T20:03:55","slug":"zawieszki-reklamowe","status":"publish","type":"page","link":"https:\/\/fragrans.pl\/pt\/zawieszki-reklamowe\/","title":{"rendered":"Etiquetas promocionais para pendurar"},"content":{"rendered":"<p>[et_pb_section fb_built=&#8221;1&#8243; admin_label=&#8221;Baner &#8211; Zawieszka&#8221; module_class=&#8221;counters&#8221; _builder_version=&#8221;4.27.4&#8243; _module_preset=&#8221;default&#8221; background_enable_image=&#8221;off&#8221; width=&#8221;100%&#8221; max_width=&#8221;100%&#8221; module_alignment=&#8221;center&#8221; min_height_last_edited=&#8221;off|desktop&#8221; custom_css_free_form=&#8221;selector {||display: flex;||flex-direction: column;||justify-content: center;||}&#8221; global_colors_info=&#8221;{}&#8221;][et_pb_row custom_padding_last_edited=&#8221;off|desktop&#8221; _builder_version=&#8221;4.27.4&#8243; _module_preset=&#8221;default&#8221; width=&#8221;90%&#8221; max_width=&#8221;1220px&#8221; custom_margin=&#8221;||||false|false&#8221; custom_margin_tablet=&#8221;100px||100px||false|false&#8221; custom_margin_phone=&#8221;||||false|false&#8221; custom_margin_last_edited=&#8221;off|desktop&#8221; custom_padding=&#8221;||||false|false&#8221; custom_padding_tablet=&#8221;100px||100px||false|false&#8221; custom_padding_phone=&#8221;||||false|false&#8221; global_colors_info=&#8221;{}&#8221;][et_pb_column type=&#8221;4_4&#8243; _builder_version=&#8221;4.27.4&#8243; _module_preset=&#8221;default&#8221; global_colors_info=&#8221;{}&#8221;][et_pb_heading title=&#8221;Zawieszki reklamowe&#8221; module_class=&#8221;main-title&#8221; _builder_version=&#8221;4.27.4&#8243; _module_preset=&#8221;default&#8221; title_text_align=&#8221;left&#8221; global_colors_info=&#8221;{}&#8221;][\/et_pb_heading][et_pb_text _builder_version=&#8221;4.27.4&#8243; _module_preset=&#8221;default&#8221; animation_direction=&#8221;left&#8221; global_colors_info=&#8221;{}&#8221;]Stw\u00f3rz z nami sw\u00f3j od\u015bwie\u017cacz samochodowy[\/et_pb_text][\/et_pb_column][\/et_pb_row][et_pb_row column_structure=&#8221;1_4,1_2,1_4&#8243; _builder_version=&#8221;4.27.4&#8243; _module_preset=&#8221;default&#8221; width=&#8221;100%&#8221; max_width=&#8221;100%&#8221; module_alignment=&#8221;center&#8221; global_colors_info=&#8221;{}&#8221;][et_pb_column type=&#8221;1_4&#8243; _builder_version=&#8221;4.27.4&#8243; _module_preset=&#8221;default&#8221; global_colors_info=&#8221;{}&#8221;][et_pb_image_popup image=&#8221;https:\/\/fragrans.pl\/wp-content\/uploads\/2025\/06\/BUTTON.png&#8221; image_width_desktop=&#8221;40%&#8221; image_width_tablet=&#8221;50%&#8221; image_width_mobile=&#8221;30%&#8221; image_alignment_desktop=&#8221;right&#8221; popup_title=&#8221;Zam\u00f3wienie KROK po KROKU&#8221; popup_content=&#8221;<\/p>\n<div id=%22modal-zamowienie%22 class=%22modal fade-scale in%22 tabindex=%22-1%22 role=%22dialog%22 aria-labelledby=%22myModalLabel%22>\n<div class=%22modal-dialog modal-lg%22 role=%22document%22>\n<div class=%22modal-content%22>\n<div class=%22modal-body%22>\n<div>\n<ol>\n<li><strong>Przygotuj projekt<\/strong> \u2013 nale\u017cy przygotowa\u0107 projekt zgodnie z naszymi wytycznymi naniesiony na szablon wykrojnika, projekty s\u0105 sprawdzane automatycznie przez system i dowolna r\u00f3\u017cnica skutkuje odrzuceniem pliku i wymaga ingerencji grafika, co wi\u0105\u017ce si\u0119 z dodatkowym czasem oczekiwania oraz dodatkowym kosztem. Pomagamy w przygotowaniu prostych projekt\u00f3w, ale nie posiadamy biura projektowego, produkujemy g\u0142\u00f3wnie wg przes\u0142anych gotowych projekt\u00f3w klienta.<\/li>\n<li><strong>Wybierz dowolny kszta\u0142t z naszej bazy ponad 2500 wykrojnik\u00f3w<\/strong> \u2013 skontaktuj si\u0119 z nami w celu otrzymania pe\u0142nej bazy kszta\u0142t\u00f3w. Mo\u017cliwe jest tak\u017ce przygotowanie indywidualnego kszta\u0142tu. Przygotowanie nowego kszta\u0142tu wyd\u0142u\u017ca czas realizacji o oko\u0142o 3 dni.<\/li>\n<li><strong>Wybierz rodzaj zawieszki<\/strong> \u2013 Premium czy Exclusive. Klienci na mark\u0119 w\u0142asn\u0105 do sprzeda\u017cy najcz\u0119\u015bciej wybieraj\u0105 zawieszki Exclusive z nas\u0105czeniem przynajmniej 3 ml. Zawieszki r\u00f3\u017cni\u0105 si\u0119 materia\u0142em, z kt\u00f3rego s\u0105 wykonane oraz grubo\u015bci\u0105 zawieszki, co wp\u0142ywa na ilo\u015b\u0107 mo\u017cliwego nas\u0105czenia i czasu uwalniania si\u0119 zapachu.<\/li>\n<li><strong>Wybierz zapach i nas\u0105czenie<\/strong> \u2013 do wyboru spo\u015br\u00f3d 35 zapach\u00f3w mo\u017cliwych do nas\u0105czenia od 1 do 5 ml w zale\u017cno\u015bci od rodzaju i wielko\u015bci zawieszki ( dla zawieszek Standard od 1 do 3 ml, dla zawieszek Premium od 2 do 4 ml, dla zawieszek Exclusive od 2 do 5 ml). Czas uwalniania si\u0119 zapachu wynosi od 3 do 30 dni w zale\u017cno\u015bci od wybranej kompozycji, rodzaju zawieszki, ilo\u015bci nas\u0105czenia i sposobu u\u017cytkowania produktu.<\/li>\n<li><strong>Wybierz kolor gumki<\/strong> \u2013 do wyboru z 16 dost\u0119pnych kolor\u00f3w. Mo\u017cna podzieli\u0107 kolor gumki wg zapach\u00f3w w zam\u00f3wieniu dla szybkiej identyfikacji wr\u0119czanej zawieszki.<\/li>\n<li><strong>Wybierz rodzaj folii<\/strong> \u2013 folia z ostrze\u017ceniem lub bez. Foli\u0119 bez ostrze\u017cenia wybieramy gdy tre\u015bci w nim zawarte znajduj\u0105 si\u0119 na blistrze, dodatkowej etykiecie lub zamawiaj\u0105cy podpisze o\u015bwiadczenie o innej formie, w kt\u00f3rej przeka\u017ce u\u017cytkownikowi niezb\u0119dne informacje dotycz\u0105ce u\u017cytkowania zawieszki.<\/li>\n<li><strong>Opcjonalnie dobierz blister<\/strong> \u2013 to idealne wyko\u0144czenie produktu marki w\u0142asnej umo\u017cliwiaj\u0105ce ekspozycj\u0119 na haku w punkcie sprzeda\u017cy. Zamawiaj\u0105c zawieszk\u0119 na blister nale\u017cy wybra\u0107 kszta\u0142t w uk\u0142adzie pionowym w szeroko\u015bci mniejszej od szeroko\u015bci blistra przynajmniej o 3-5 mm i maksymalnej wysoko\u015bci dopasowanej do wybranego kszta\u0142tu kartonika. Odpowiedni blister nale\u017cy skonsultowa\u0107 z dzia\u0142em handlowym przed przygotowaniem finalnego produktu.<\/li>\n<\/ol>\n<p><strong>Przyk\u0142adowe zapytanie dla polskich klient\u00f3w mo\u017cna skonfigurowa\u0107 w naszym kalkulatorze: <a href=%22https:\/\/fragrans.pl\/kalkulator\/%22>TUTAJ<\/a>. Zapytania z innych kraj\u00f3w prosimy o wys\u0142anie na adres mailowy <a href=%22mailto:export@fragrans.pl%22>export@fragrans.pl<\/a>. <br \/>Zapoznaj si\u0119 z instrukcj\u0105 dzia\u0142ania Kalkulatora wyceny: <a href=%22https:\/\/fragrans.pl\/wp-content\/uploads\/2025\/08\/Instrukcja-kalkulatora.pdf%22>TUTAJ<\/a>.<\/strong><\/p>\n<\/div>\n<\/div>\n<\/div>\n<\/div>\n<\/div>\n<section class=%22section-wraper section-zawieszka%22>\n<div class=%22container%22>\n<div class=%22row%22>\n<div class=%22col-lg-12%22>\n<div class=%22containere%22>\n<div class=%22zawieszki-header%22> <\/div>\n<\/div>\n<\/div>\n<\/div>\n<\/div>\n<\/section>\n<p>&#8221; _builder_version=&#8221;4.27.4&#8243; _module_preset=&#8221;default&#8221; global_colors_info=&#8221;{}&#8221;][\/et_pb_image_popup][\/et_pb_column][et_pb_column type=&#8221;1_2&#8243; _builder_version=&#8221;4.27.4&#8243; _module_preset=&#8221;default&#8221; global_colors_info=&#8221;{}&#8221;][et_pb_image_hotspot image=&#8221;https:\/\/fragrans.pl\/wp-content\/uploads\/2025\/06\/pomarancza2.png&#8221; _builder_version=&#8221;4.27.4&#8243; _module_preset=&#8221;default&#8221; global_colors_info=&#8221;{}&#8221;][et_pb_hotspot_item title=&#8221;Dwustronny wydruk wysokiej jako\u015bci full kolor (CMYK)&#8221; tooltip_text=&#8221;Dwustronny wydruk wysokiej jako\u015bci full kolor (CMYK)&#8221; popup_content=&#8221;<\/p>\n<p><img class=%22img-responsive aligncenter%22 src=%22\/wp-content\/uploads\/2025\/07\/papier.jpg%22 \/><\/p>\n<p class=%22text-center%22 style=%22text-align: center;%22>Pliki do druku musz\u0105 by\u0107 przygotowane zgodnie z poni\u017cszymi wytycznymi.<br \/>Nie odpowiadamy za zmiany wynikaj\u0105ce z nieprawid\u0142owego przygotowania plik\u00f3w<\/p>\n<p class=%22text-center%22 style=%22text-align: center;%22><a title=%22%22 href=%22https:\/\/fragrans.pl\/wp-content\/uploads\/2025\/08\/SPECYFIKACJA-Przygotowania-do-druku.pdf%22 data-et-target-link=%22_blank%22 rel=%22noopener%22>SPECYFIKACJA Przygotowania do druku<\/a><\/p>\n<p>&#8221; position_x=&#8221;45&#8243; position_y=&#8221;68&#8243; _builder_version=&#8221;4.27.4&#8243; _module_preset=&#8221;default&#8221; global_colors_info=&#8221;{}&#8221;][\/et_pb_hotspot_item][et_pb_hotspot_item title=&#8221;Ponad 2500 kszta\u0142t\u00f3w do wyboru mo\u017cliwo\u015b\u0107 zrobienia w\u0142asnego kszta\u0142tu&#8221; tooltip_text=&#8221;Ponad 2500 kszta\u0142t\u00f3w do wyboru mo\u017cliwo\u015b\u0107 zrobienia w\u0142asnego kszta\u0142tu&#8221; popup_content=&#8221;<\/p>\n<p><img class=%22wp-image-444 size-medium aligncenter%22 src=%22https:\/\/fragrans.pl\/wp-content\/uploads\/2025\/06\/modal-ksztalty-274x300.jpg%22 alt=%22%22 width=%22274%22 height=%22300%22 \/><\/p>\n<p style=%22text-align: center;%22><a href=%22\/wykrojniki%22>Poznaj wi\u0119cej kszta\u0142t\u00f3w<\/a><\/p>\n<p>&#8221; position_x=&#8221;30&#8243; position_y=&#8221;20&#8243; _builder_version=&#8221;4.27.4&#8243; _module_preset=&#8221;default&#8221; global_colors_info=&#8221;{}&#8221;][\/et_pb_hotspot_item][et_pb_hotspot_item title=&#8221;3 rodzaje \u015bwietnie oddaj\u0105cych zapach wk\u0142ad\u00f3w: STANDARD, PREMIUM, EXCLUSIVE (grubo\u015b\u0107 od 1.8mm do 4mm)&#8221; tooltip_text=&#8221;3 rodzaje \u015bwietnie oddaj\u0105cych zapach wk\u0142ad\u00f3w: STANDARD, PREMIUM, EXCLUSIVE (grubo\u015b\u0107 od 1.8mm do 4mm)&#8221; popup_content=&#8221;<\/p>\n<div class=%22row%22>\n<div class=%22col-lg-4%22>\n<p><img class=%22img-responsive%22 style=%22margin: 0 auto; max-height: 200px;%22 src=%22\/wp-content\/uploads\/2025\/07\/standard.png%22 alt=%22%22 \/><\/p>\n<h4>Zawieszka Zapachowa Standard<\/h4>\n<p style=%22font-size: 9pt; text-align: justify;%22>Zawieszka wykonana z materia\u0142u, kt\u00f3ry powszechnie jest stosowany przez producent\u00f3w zawieszek czy podk\u0142adek pod piwo, tzw. Beermat. Grubo\u015b\u0107 zawieszki ok. 1,5-1,7 mm. Mo\u017cliwe nas\u0105czenie 1, 2 lub 3 ml.<\/p>\n<\/div>\n<div class=%22col-lg-4%22>\n<p><img class=%22img-responsive%22 style=%22margin: 0 auto; max-height: 200px;%22 src=%22\/wp-content\/uploads\/2025\/07\/premium.png%22 alt=%22%22 \/><\/p>\n<h4>Zawieszka Zapachowa Premium<\/h4>\n<p style=%22font-size: 9pt; text-align: justify;%22>Zawieszka wykonana z materia\u0142u doskona\u0142ej jako\u015bci. Jest to bielona celuloza z dodatkiem bawe\u0142ny \u2013 \u015bwietnie przyjmuje kompozycj\u0119 zapachow\u0105, co powoduje, \u017ce w 100 % oddaje oryginalny zapach. Grubo\u015b\u0107 zawieszki ok. 1,8-2,0 mm. Mo\u017cliwe nas\u0105czenie 2, 3 lub 4 ml.<\/p>\n<\/div>\n<div class=%22col-lg-4%22>\n<p><img class=%22img-responsive%22 style=%22margin: 0 auto; max-height: 200px;%22 src=%22\/wp-content\/uploads\/2025\/07\/exclusive.png%22 alt=%22%22 \/><\/p>\n<h4>Zawieszka Zapachowa Exclusive<\/h4>\n<p style=%22font-size: 9pt; text-align: justify;%22>Zawieszka wykonana z wysokoch\u0142onnej geow\u0142\u00f3kniny i celulozy. \u015awietnie oddaje zapach i umo\u017cliwia wi\u0119ksze nas\u0105czenie produktu. Grubo\u015b\u0107 zawieszki ok 4 mm. Mo\u017cliwe nas\u0105czenie miedzy 2 a 5 ml. Dla zawieszki exclusive rekomendujemy nas\u0105czenie 3 lub 4 ml.<\/p>\n<\/div>\n<\/div>\n<p>&#8221; position_x=&#8221;60&#8243; position_y=&#8221;70&#8243; _builder_version=&#8221;4.27.4&#8243; _module_preset=&#8221;default&#8221; global_colors_info=&#8221;{}&#8221;][\/et_pb_hotspot_item][et_pb_hotspot_item title=&#8221;35 zapach\u00f3w. Nas\u0105czenie zawieszki od 1 do 5 ml&#8221; tooltip_text=&#8221;35 zapach\u00f3w. Nas\u0105czenie zawieszki od 1 do 5 ml&#8221; popup_content=&#8221;<\/p>\n<p><img class=%22wp-image-1743 aligncenter%22 src=%22\/wp-content\/uploads\/2025\/07\/Fragrans-Zapachy.jpg%22 alt=%22%22 width=%22424%22 height=%22603%22 \/><\/p>\n<div style=%22text-align: center; margin-top: 15px;%22>\n<form action=%22\/wp-content\/uploads\/2025\/07\/Nowa-gama-zapachow_page-0001-1.jpg%22 method=%22get%22><button style=%22background-color: #f57300; color: white; padding: 8px 20px; border: none; border-radius: 5px; font-family: Arial, sans-serif; font-weight: bold; cursor: pointer; transition: background-color 0.3s ease;%22 type=%22submit%22><br \/>Pobierz<br \/><\/button><\/form>\n<\/div>\n<p>&#8221; position_x=&#8221;54&#8243; _builder_version=&#8221;4.27.4&#8243; _module_preset=&#8221;default&#8221; global_colors_info=&#8221;{}&#8221;][\/et_pb_hotspot_item][et_pb_hotspot_item title=&#8221;16 kolor\u00f3w gumek&#8221; tooltip_text=&#8221;16 kolor\u00f3w gumek&#8221; popup_content=&#8221;<\/p>\n<p><img class=%22wp-image-441 size-medium aligncenter%22 src=%22https:\/\/fragrans.pl\/wp-content\/uploads\/2025\/06\/modal-gumki-260x300.jpg%22 alt=%22%22 width=%22260%22 height=%22300%22 \/><\/p>\n<p>&#8221; position_y=&#8221;15&#8243; _builder_version=&#8221;4.27.4&#8243; _module_preset=&#8221;default&#8221; global_colors_info=&#8221;{}&#8221;][\/et_pb_hotspot_item][et_pb_hotspot_item title=&#8221;Wysoceprzezroczysta folia barierowa zabezpieczaj\u0105ca zawieszk\u0119 przed utrat\u0105 zapachu&#8221; tooltip_text=&#8221;Wysoceprzezroczysta folia barierowa zabezpieczaj\u0105ca zawieszk\u0119 przed utrat\u0105 zapachu&#8221; popup_content=&#8221;<\/p>\n<p><img class=%22img-responsive aligncenter%22 src=%22\/wp-content\/uploads\/2025\/07\/folia.jpg%22 \/><\/p>\n<p>&#8221; position_x=&#8221;30&#8243; _builder_version=&#8221;4.27.4&#8243; _module_preset=&#8221;default&#8221; global_colors_info=&#8221;{}&#8221;][\/et_pb_hotspot_item][\/et_pb_image_hotspot][\/et_pb_column][et_pb_column type=&#8221;1_4&#8243; _builder_version=&#8221;4.27.4&#8243; _module_preset=&#8221;default&#8221; global_colors_info=&#8221;{}&#8221;][et_pb_image src=&#8221;https:\/\/fragrans.pl\/wp-content\/uploads\/2025\/06\/HAND.png&#8221; title_text=&#8221;HAND&#8221; align=&#8221;right&#8221; _builder_version=&#8221;4.27.4&#8243; _module_preset=&#8221;default&#8221; width=&#8221;60%&#8221; global_colors_info=&#8221;{}&#8221;][\/et_pb_image][\/et_pb_column][\/et_pb_row][\/et_pb_section][et_pb_section fb_built=&#8221;1&#8243; _builder_version=&#8221;4.27.4&#8243; _module_preset=&#8221;default&#8221; custom_margin=&#8221;0px||||false|false&#8221; custom_padding=&#8221;0px||||false|false&#8221; global_colors_info=&#8221;{}&#8221;][et_pb_row column_structure=&#8221;3_5,2_5&#8243; _builder_version=&#8221;4.27.4&#8243; _module_preset=&#8221;default&#8221; width=&#8221;90%&#8221; max_width=&#8221;1220px&#8221; custom_margin=&#8221;0px||||false|false&#8221; custom_padding=&#8221;0px||||false|false&#8221; global_colors_info=&#8221;{}&#8221;][et_pb_column type=&#8221;3_5&#8243; _builder_version=&#8221;4.27.4&#8243; _module_preset=&#8221;default&#8221; global_colors_info=&#8221;{}&#8221;][et_pb_heading title=&#8221;Wszechstronno\u015b\u0107 zawieszki zapachowej&#8221; module_class=&#8221;main-title&#8221; _builder_version=&#8221;4.27.4&#8243; _module_preset=&#8221;default&#8221; title_text_align=&#8221;left&#8221; hover_enabled=&#8221;0&#8243; global_colors_info=&#8221;{}&#8221; title_line_height=&#8221;50px&#8221; sticky_enabled=&#8221;0&#8243;][\/et_pb_heading][et_pb_text _builder_version=&#8221;4.27.4&#8243; _module_preset=&#8221;default&#8221; animation_style=&#8221;slide&#8221; animation_direction=&#8221;left&#8221; global_colors_info=&#8221;{}&#8221;]Od\u015bwie\u017cacz samochodowy jest bardzo popularnym produktem reklamowym przede wszystkim z powodu jego wszechstronno\u015bci. Mo\u017cemy w pe\u0142ni personalizowa\u0107 nasz\u0105 zawieszk\u0119 wybieraj\u0105c kszta\u0142t, zapach czy kolor gumki. Mamy 2 strony full kolor, kt\u00f3re mo\u017cemy dowolnie zaprojektowa\u0107 jako reklam\u0119 naszej firmy. Nasz park maszynowy pozwala na realizacj\u0119 zam\u00f3wie\u0144 ju\u017c od 100 sztuk do bardzo du\u017cych nak\u0142ad\u00f3w w dziesi\u0105tkach lub setkach tysi\u0119cy sztuk. Oddajemy z r\u0119ce naszych Klient\u00f3w szeroki wyb\u00f3r gotowych wykrojnik\u00f3w, spo\u015br\u00f3d kt\u00f3rych ka\u017cdy znajdzie co\u015b dla siebie. Ponadto systematycznie powi\u0119kszamy baz\u0119 naszych projekt\u00f3w, kt\u00f3re udost\u0119pniamy do modyfikacji pod w\u0142asne logo. Znajduj\u0105 si\u0119 tu gotowe projekty zawieszek \u015bwi\u0105tecznych, \u015blubnych oraz projekt\u00f3w dla bran\u017cy budowlanej. Planujemy poszerza\u0107 t\u0119 baz\u0119 projekt\u00f3w do dyspozycji z my\u015bl\u0105 o klientach, kt\u00f3rzy nie maj\u0105 swoich grafik\u00f3w. Zawieszka jest idealnym zamiennikiem wizyt\u00f3wki czy mini ulotki, mo\u017ce by\u0107 \u015bwietnym dodatkiem do zaproszenia na imprez\u0119 firmow\u0105 lub podzi\u0119kowaniem za udzia\u0142 w jakim\u015b wydarzeniu. To bardzo popularny gad\u017cet targowy i \u015bwietny produkt na wszelkie eventy bran\u017cowe. Zapraszamy do kontaktu z naszym dzia\u0142em handlowym.[\/et_pb_text][\/et_pb_column][et_pb_column type=&#8221;2_5&#8243; _builder_version=&#8221;4.27.4&#8243; _module_preset=&#8221;default&#8221; global_colors_info=&#8221;{}&#8221;][et_pb_image src=&#8221;https:\/\/fragrans.pl\/wp-content\/uploads\/2025\/06\/twoje-logo.jpg&#8221; title_text=&#8221;twoje-logo&#8221; _builder_version=&#8221;4.27.4&#8243; _module_preset=&#8221;default&#8221; global_colors_info=&#8221;{}&#8221;][\/et_pb_image][\/et_pb_column][\/et_pb_row][\/et_pb_section][et_pb_section fb_built=&#8221;1&#8243; _builder_version=&#8221;4.27.4&#8243; _module_preset=&#8221;default&#8221; background_enable_color=&#8221;off&#8221; custom_margin=&#8221;0px||||false|false&#8221; custom_padding=&#8221;0px||||false|false&#8221; global_colors_info=&#8221;{}&#8221;][et_pb_row _builder_version=&#8221;4.27.4&#8243; _module_preset=&#8221;default&#8221; width=&#8221;100%&#8221; custom_margin=&#8221;0px||||false|false&#8221; custom_padding=&#8221;0px||||false|false&#8221; global_colors_info=&#8221;{}&#8221;][et_pb_column type=&#8221;4_4&#8243; _builder_version=&#8221;4.27.4&#8243; _module_preset=&#8221;default&#8221; global_colors_info=&#8221;{}&#8221;][et_pb_logo_slider gallery_ids=&#8221;633,634,635,636,637,638,639,640&#8243; slider_speed=&#8221;10&#8243; logo_max_width=&#8221;500&#8243; logo_height=&#8221;500&#8243; enable_lightbox=&#8221;off&#8221; _builder_version=&#8221;4.27.4&#8243; _module_preset=&#8221;default&#8221; link_option_url=&#8221;\/gotowe-projekty&#8221; global_colors_info=&#8221;{}&#8221;][\/et_pb_logo_slider][\/et_pb_column][\/et_pb_row][\/et_pb_section]<\/p>\n","protected":false},"excerpt":{"rendered":"<p>Stw\u00f3rz z nami sw\u00f3j od\u015bwie\u017cacz samochodowyOd\u015bwie\u017cacz samochodowy jest bardzo popularnym produktem reklamowym przede wszystkim z powodu jego wszechstronno\u015bci. Mo\u017cemy w pe\u0142ni personalizowa\u0107 nasz\u0105 zawieszk\u0119 wybieraj\u0105c kszta\u0142t, zapach czy kolor gumki. Mamy 2 strony full kolor, kt\u00f3re mo\u017cemy dowolnie zaprojektowa\u0107 jako reklam\u0119 naszej firmy. Nasz park maszynowy pozwala na realizacj\u0119 zam\u00f3wie\u0144 ju\u017c od 100 sztuk do [&hellip;]<\/p>\n","protected":false},"author":1,"featured_media":0,"parent":0,"menu_order":0,"comment_status":"closed","ping_status":"closed","template":"","meta":{"_acf_changed":false,"_et_pb_use_builder":"on","_et_pb_old_content":"<!-- wp:divi\/placeholder \/-->","_et_gb_content_width":"","inline_featured_image":false,"footnotes":""},"class_list":["post-420","page","type-page","status-publish","hentry"],"acf":[],"yoast_head":"<!-- This site is optimized with the Yoast SEO plugin v27.4 - https:\/\/yoast.com\/product\/yoast-seo-wordpress\/ -->\n<title>Zawieszki Zapachowe FRAGRANS - Personalizacja Zapach\u00f3w i Kszta\u0142t\u00f3w do Samochod\u00f3w<\/title>\n<meta name=\"description\" content=\"Oferujemy szerok\u0105 gam\u0119 zawieszek zapachowych do samochod\u00f3w. Personalizuj zapach, kszta\u0142t i kolor gumki. Wybierz spo\u015br\u00f3d ponad 2500 dost\u0119pnych wykrojnik\u00f3w.\" \/>\n<meta name=\"robots\" content=\"index, follow, max-snippet:-1, max-image-preview:large, max-video-preview:-1\" \/>\n<link rel=\"canonical\" href=\"https:\/\/fragrans.pl\/pt\/zawieszki-reklamowe\/\" \/>\n<meta property=\"og:locale\" content=\"pt_PT\" \/>\n<meta property=\"og:type\" content=\"article\" \/>\n<meta property=\"og:title\" content=\"Zawieszki Zapachowe FRAGRANS - Personalizacja Zapach\u00f3w i Kszta\u0142t\u00f3w do Samochod\u00f3w\" \/>\n<meta property=\"og:description\" content=\"Oferujemy szerok\u0105 gam\u0119 zawieszek zapachowych do samochod\u00f3w. Personalizuj zapach, kszta\u0142t i kolor gumki. Wybierz spo\u015br\u00f3d ponad 2500 dost\u0119pnych wykrojnik\u00f3w.\" \/>\n<meta property=\"og:url\" content=\"https:\/\/fragrans.pl\/pt\/zawieszki-reklamowe\/\" \/>\n<meta property=\"og:site_name\" content=\"Fragrans\" \/>\n<meta property=\"article:modified_time\" content=\"2025-08-24T20:03:55+00:00\" \/>\n<meta name=\"twitter:card\" content=\"summary_large_image\" \/>\n<meta name=\"twitter:label1\" content=\"Tempo estimado de leitura\" \/>\n\t<meta name=\"twitter:data1\" content=\"10 minutos\" \/>\n<script type=\"application\/ld+json\" class=\"yoast-schema-graph\">{\"@context\":\"https:\\\/\\\/schema.org\",\"@graph\":[{\"@type\":\"WebPage\",\"@id\":\"https:\\\/\\\/fragrans.pl\\\/zawieszki-reklamowe\\\/\",\"url\":\"https:\\\/\\\/fragrans.pl\\\/zawieszki-reklamowe\\\/\",\"name\":\"Zawieszki Zapachowe FRAGRANS - Personalizacja Zapach\u00f3w i Kszta\u0142t\u00f3w do Samochod\u00f3w\",\"isPartOf\":{\"@id\":\"https:\\\/\\\/fragrans.pl\\\/#website\"},\"datePublished\":\"2025-06-14T13:25:46+00:00\",\"dateModified\":\"2025-08-24T20:03:55+00:00\",\"description\":\"Oferujemy szerok\u0105 gam\u0119 zawieszek zapachowych do samochod\u00f3w. Personalizuj zapach, kszta\u0142t i kolor gumki. Wybierz spo\u015br\u00f3d ponad 2500 dost\u0119pnych wykrojnik\u00f3w.\",\"breadcrumb\":{\"@id\":\"https:\\\/\\\/fragrans.pl\\\/zawieszki-reklamowe\\\/#breadcrumb\"},\"inLanguage\":\"pt-PT\",\"potentialAction\":[{\"@type\":\"ReadAction\",\"target\":[\"https:\\\/\\\/fragrans.pl\\\/zawieszki-reklamowe\\\/\"]}]},{\"@type\":\"BreadcrumbList\",\"@id\":\"https:\\\/\\\/fragrans.pl\\\/zawieszki-reklamowe\\\/#breadcrumb\",\"itemListElement\":[{\"@type\":\"ListItem\",\"position\":1,\"name\":\"Strona g\u0142\u00f3wna\",\"item\":\"https:\\\/\\\/fragrans.pl\\\/\"},{\"@type\":\"ListItem\",\"position\":2,\"name\":\"Zawieszki reklamowe\"}]},{\"@type\":\"WebSite\",\"@id\":\"https:\\\/\\\/fragrans.pl\\\/#website\",\"url\":\"https:\\\/\\\/fragrans.pl\\\/\",\"name\":\"Fragrans\",\"description\":\"\",\"potentialAction\":[{\"@type\":\"SearchAction\",\"target\":{\"@type\":\"EntryPoint\",\"urlTemplate\":\"https:\\\/\\\/fragrans.pl\\\/?s={search_term_string}\"},\"query-input\":{\"@type\":\"PropertyValueSpecification\",\"valueRequired\":true,\"valueName\":\"search_term_string\"}}],\"inLanguage\":\"pt-PT\"}]}<\/script>\n<!-- \/ Yoast SEO plugin. -->","yoast_head_json":{"title":"Zawieszki Zapachowe FRAGRANS - Personalizacja Zapach\u00f3w i Kszta\u0142t\u00f3w do Samochod\u00f3w","description":"Oferujemy szerok\u0105 gam\u0119 zawieszek zapachowych do samochod\u00f3w. Personalizuj zapach, kszta\u0142t i kolor gumki. Wybierz spo\u015br\u00f3d ponad 2500 dost\u0119pnych wykrojnik\u00f3w.","robots":{"index":"index","follow":"follow","max-snippet":"max-snippet:-1","max-image-preview":"max-image-preview:large","max-video-preview":"max-video-preview:-1"},"canonical":"https:\/\/fragrans.pl\/pt\/zawieszki-reklamowe\/","og_locale":"pt_PT","og_type":"article","og_title":"Zawieszki Zapachowe FRAGRANS - Personalizacja Zapach\u00f3w i Kszta\u0142t\u00f3w do Samochod\u00f3w","og_description":"Oferujemy szerok\u0105 gam\u0119 zawieszek zapachowych do samochod\u00f3w. Personalizuj zapach, kszta\u0142t i kolor gumki. Wybierz spo\u015br\u00f3d ponad 2500 dost\u0119pnych wykrojnik\u00f3w.","og_url":"https:\/\/fragrans.pl\/pt\/zawieszki-reklamowe\/","og_site_name":"Fragrans","article_modified_time":"2025-08-24T20:03:55+00:00","twitter_card":"summary_large_image","twitter_misc":{"Tempo estimado de leitura":"10 minutos"},"schema":{"@context":"https:\/\/schema.org","@graph":[{"@type":"WebPage","@id":"https:\/\/fragrans.pl\/zawieszki-reklamowe\/","url":"https:\/\/fragrans.pl\/zawieszki-reklamowe\/","name":"Zawieszki Zapachowe FRAGRANS - Personalizacja Zapach\u00f3w i Kszta\u0142t\u00f3w do Samochod\u00f3w","isPartOf":{"@id":"https:\/\/fragrans.pl\/#website"},"datePublished":"2025-06-14T13:25:46+00:00","dateModified":"2025-08-24T20:03:55+00:00","description":"Oferujemy szerok\u0105 gam\u0119 zawieszek zapachowych do samochod\u00f3w. Personalizuj zapach, kszta\u0142t i kolor gumki. Wybierz spo\u015br\u00f3d ponad 2500 dost\u0119pnych wykrojnik\u00f3w.","breadcrumb":{"@id":"https:\/\/fragrans.pl\/zawieszki-reklamowe\/#breadcrumb"},"inLanguage":"pt-PT","potentialAction":[{"@type":"ReadAction","target":["https:\/\/fragrans.pl\/zawieszki-reklamowe\/"]}]},{"@type":"BreadcrumbList","@id":"https:\/\/fragrans.pl\/zawieszki-reklamowe\/#breadcrumb","itemListElement":[{"@type":"ListItem","position":1,"name":"Strona g\u0142\u00f3wna","item":"https:\/\/fragrans.pl\/"},{"@type":"ListItem","position":2,"name":"Zawieszki reklamowe"}]},{"@type":"WebSite","@id":"https:\/\/fragrans.pl\/#website","url":"https:\/\/fragrans.pl\/","name":"Fragr\u00e2ncias","description":"","potentialAction":[{"@type":"SearchAction","target":{"@type":"EntryPoint","urlTemplate":"https:\/\/fragrans.pl\/?s={search_term_string}"},"query-input":{"@type":"PropertyValueSpecification","valueRequired":true,"valueName":"search_term_string"}}],"inLanguage":"pt-PT"}]}},"_links":{"self":[{"href":"https:\/\/fragrans.pl\/pt\/wp-json\/wp\/v2\/pages\/420","targetHints":{"allow":["GET"]}}],"collection":[{"href":"https:\/\/fragrans.pl\/pt\/wp-json\/wp\/v2\/pages"}],"about":[{"href":"https:\/\/fragrans.pl\/pt\/wp-json\/wp\/v2\/types\/page"}],"author":[{"embeddable":true,"href":"https:\/\/fragrans.pl\/pt\/wp-json\/wp\/v2\/users\/1"}],"replies":[{"embeddable":true,"href":"https:\/\/fragrans.pl\/pt\/wp-json\/wp\/v2\/comments?post=420"}],"version-history":[{"count":87,"href":"https:\/\/fragrans.pl\/pt\/wp-json\/wp\/v2\/pages\/420\/revisions"}],"predecessor-version":[{"id":2054,"href":"https:\/\/fragrans.pl\/pt\/wp-json\/wp\/v2\/pages\/420\/revisions\/2054"}],"wp:attachment":[{"href":"https:\/\/fragrans.pl\/pt\/wp-json\/wp\/v2\/media?parent=420"}],"curies":[{"name":"wp","href":"https:\/\/api.w.org\/{rel}","templated":true}]}}